{"id":37,"date":"2022-02-04T23:50:06","date_gmt":"2022-02-04T23:50:06","guid":{"rendered":"https:\/\/csc.facmed.unam.mx\/?page_id=37"},"modified":"2026-02-24T23:37:25","modified_gmt":"2026-02-24T23:37:25","slug":"directorio","status":"publish","type":"page","link":"https:\/\/csc.facmed.unam.mx\/index.php\/directorio\/","title":{"rendered":"Directorio"},"content":{"rendered":"<p>[et_pb_section fb_built=\u00bb1&#8243; custom_padding_last_edited=\u00bbon|desktop\u00bb next_background_color=\u00bb#ffffff\u00bb _builder_version=\u00bb4.16&#8243; background_color=\u00bb#00457A\u00bb background_image=\u00bbhttps:\/\/csc.facmed.unam.mx\/wp-content\/uploads\/2022\/02\/marketing-bg6.png\u00bb background_enable_video_mp4=\u00bboff\u00bb min_height=\u00bb189.4px\u00bb custom_padding=\u00bb3vw||9vw||false|false\u00bb custom_padding_tablet=\u00bb137px||137px||true|false\u00bb custom_padding_phone=\u00bb70px||70px||true|false\u00bb bottom_divider_style=\u00bbramp2&#8243; bottom_divider_height=\u00bb250px\u00bb bottom_divider_flip=\u00bbhorizontal\u00bb bottom_divider_height_tablet=\u00bb150px\u00bb bottom_divider_height_phone=\u00bb110px\u00bb bottom_divider_height_last_edited=\u00bbon|phone\u00bb global_colors_info=\u00bb{}\u00bb][et_pb_row _builder_version=\u00bb4.16&#8243; custom_margin=\u00bb47px|auto|-6px|auto||\u00bb custom_padding=\u00bb0px|||||\u00bb global_colors_info=\u00bb{}\u00bb][et_pb_column type=\u00bb4_4&#8243; _builder_version=\u00bb4.16&#8243; custom_padding=\u00bb|||\u00bb global_colors_info=\u00bb{}\u00bb custom_padding__hover=\u00bb|||\u00bb][et_pb_text admin_label=\u00bbTexto\u00bb _builder_version=\u00bb4.16&#8243; text_font=\u00bbRoboto||||||||\u00bb text_font_size=\u00bb16px\u00bb text_line_height=\u00bb1.8em\u00bb header_font=\u00bbRoboto|700|||||||\u00bb header_text_align=\u00bbcenter\u00bb header_font_size=\u00bb80px\u00bb header_line_height=\u00bb1.2em\u00bb header_3_font=\u00bbRoboto|700||on|||||\u00bb header_3_text_align=\u00bbcenter\u00bb header_3_text_color=\u00bb#ffffff\u00bb header_3_font_size=\u00bb24px\u00bb header_3_letter_spacing=\u00bb10px\u00bb header_3_line_height=\u00bb2em\u00bb background_color=\u00bbRGBA(255,255,255,0)\u00bb use_background_color_gradient=\u00bbon\u00bb background_color_gradient_direction=\u00bb146deg\u00bb background_color_gradient_stops=\u00bb#f7828e 0%|#ffa8a8 93%\u00bb background_color_gradient_start=\u00bb#f7828e\u00bb background_color_gradient_end=\u00bb#ffa8a8&#8243; background_color_gradient_end_position=\u00bb93%\u00bb background_enable_image=\u00bboff\u00bb background_size=\u00bbcontain\u00bb text_orientation=\u00bbcenter\u00bb background_layout=\u00bbdark\u00bb width=\u00bb100%\u00bb max_width=\u00bb72%\u00bb module_alignment=\u00bbcenter\u00bb min_height=\u00bb91px\u00bb height=\u00bb72px\u00bb max_height=\u00bb1000px\u00bb custom_margin=\u00bb-2px||-27px|189px|false|false\u00bb custom_padding=\u00bb2px||0px|||\u00bb text_font_size_last_edited=\u00bboff|desktop\u00bb header_font_size_tablet=\u00bb45px\u00bb header_font_size_phone=\u00bb32px\u00bb header_font_size_last_edited=\u00bbon|phone\u00bb header_3_font_size_tablet=\u00bb16px\u00bb header_3_font_size_phone=\u00bb14px\u00bb header_3_font_size_last_edited=\u00bbon|phone\u00bb header_3_letter_spacing_tablet=\u00bb5px\u00bb header_3_letter_spacing_phone=\u00bb\u00bb header_3_letter_spacing_last_edited=\u00bbon|tablet\u00bb border_radii=\u00bbon|10px|10px|10px|10px\u00bb locked=\u00bboff\u00bb inline_fonts=\u00bbArapey\u00bb global_colors_info=\u00bb{}\u00bb]<\/p>\n<h3 style=\"text-align: center;\"><\/h3>\n<h3 style=\"text-align: center;\"><\/h3>\n<h3 style=\"text-align: center;\">Directorio<\/h3>\n<p>[\/et_pb_text][\/et_pb_column][\/et_pb_row][\/et_pb_section][et_pb_section fb_built=\u00bb1&#8243; _builder_version=\u00bb4.16&#8243; custom_padding=\u00bb7px|||||\u00bb global_colors_info=\u00bb{}\u00bb][et_pb_row _builder_version=\u00bb4.16&#8243; _module_preset=\u00bbdefault\u00bb global_colors_info=\u00bb{}\u00bb][et_pb_column type=\u00bb4_4&#8243; _builder_version=\u00bb4.16&#8243; _module_preset=\u00bbdefault\u00bb global_colors_info=\u00bb{}\u00bb][et_pb_team_member name=\u00bbDr. Carlos Andr\u00e9s Garc\u00eda y Moreno\u00bb position=\u00bbCoordinador de Servicios a la Comunidad\u00bb image_url=\u00bbhttps:\/\/csc.facmed.unam.mx\/wp-content\/uploads\/2022\/05\/Dr-Carlos.png\u00bb _builder_version=\u00bb4.22.1&#8243; _module_preset=\u00bbdefault\u00bb custom_padding=\u00bb||0px|||\u00bb border_radii_image=\u00bbon|20px|20px|20px|20px\u00bb global_colors_info=\u00bb{}\u00bb]<\/p>\n<p>&nbsp;<\/p>\n<p>Tel: 55 5623-2405<\/p>\n<p>Correo:<span>\u00a0<\/span><a href=\"https:\/\/web.archive.org\/web\/20200120224728\/mailto:csc.fm@unam.mx\">csc.fm@unam.mx<\/a><\/p>\n<p>Ubicaci\u00f3n: Primer piso, Edificio B.<\/p>\n<p>[\/et_pb_team_member][et_pb_team_member name=\u00bbLic. Jos\u00e9 Manuel Arriaga Espinosa\u00bb position=\u00bbL\u00edder de Proyecto de Actividades Deportivas y Recreativas\u00bb image_url=\u00bbhttps:\/\/csc.facmed.unam.mx\/wp-content\/uploads\/2022\/02\/IMG_0409b-scaled.jpeg\u00bb _builder_version=\u00bb4.22.1&#8243; _module_preset=\u00bbdefault\u00bb border_radii_image=\u00bbon|20px|20px|20px|20px\u00bb global_colors_info=\u00bb{}\u00bb]<\/p>\n<p>&nbsp;<\/p>\n<p>Tel\u00e9fono: 55 5623-2300 Ext. 45136<\/p>\n<p>Correo:<span>\u00a0<\/span><a href=\"https:\/\/web.archive.org\/web\/20200120224728\/mailto:padyr.fm@unam.mx\">padyr.fm@unam.mx<\/a><\/p>\n<p>Ubicaci\u00f3n: Basamento del Edificio B, a un costado de las rampas. <em>Temporalmente: Debajo de la cafeter\u00eda, frente a los auditorios.<\/em><\/p>\n<p>[\/et_pb_team_member][et_pb_team_member name=\u00bbPsic. Solymar Adame Rivas\u00bb position=\u00bbJefa del Departamento de Atenci\u00f3n a la Comunidad\u00bb image_url=\u00bbhttps:\/\/csc.facmed.unam.mx\/wp-content\/uploads\/2022\/04\/IMG_0404-scaled.jpg\u00bb _builder_version=\u00bb4.22.1&#8243; _module_preset=\u00bbdefault\u00bb border_radii_image=\u00bbon|20px|20px|20px|20px\u00bb global_colors_info=\u00bb{}\u00bb]<\/p>\n<p>&nbsp;<\/p>\n<p>Tel\u00e9fono: 55 5623-2438<\/p>\n<p>Correo:<span>\u00a0<\/span><a href=\"https:\/\/web.archive.org\/web\/20200120224728\/mailto:acomunidad.fm@unam.mx\">acomunidad.fm@unam.mx<\/a><\/p>\n<p>Ubicaci\u00f3n: Primer piso, Edificio B.<\/p>\n<p>[\/et_pb_team_member][et_pb_team_member name=\u00bbLic. Karim Garc\u00eda Montes\u00bb position=\u00bbJefe del Departamento de Auditorios\u00bb image_url=\u00bbhttps:\/\/csc.facmed.unam.mx\/wp-content\/uploads\/2022\/04\/IMG_0400-scaled.jpg\u00bb _builder_version=\u00bb4.22.1&#8243; _module_preset=\u00bbdefault\u00bb border_radii_image=\u00bbon|20px|20px|20px|20px\u00bb global_colors_info=\u00bb{}\u00bb]<\/p>\n<p>&nbsp;<\/p>\n<p>Tel: 55 5623-2150<\/p>\n<p>Correo:<span>\u00a0<\/span><a href=\"https:\/\/web.archive.org\/web\/20200120224728\/mailto:aud.fm@unam.mx\">aud.fm@unam.mx<\/a><\/p>\n<p>Ubicaci\u00f3n: Ala derecha del Vest\u00edbulo del Auditorio \u201cDr. Raoul Fournier Villada\u201d, Facultad de Medicina.<\/p>\n<p>[\/et_pb_team_member][et_pb_team_member name=\u00bbC. Nadia Gabriela Rend\u00f3n Neydhart\u00bb position=\u00bbResponsable de Becas y Programas de Apoyo\u00bb image_url=\u00bbhttps:\/\/csc.facmed.unam.mx\/wp-content\/uploads\/2022\/02\/IMG_0397a-scaled.jpeg\u00bb disabled_on=\u00bbon|on|on\u00bb _builder_version=\u00bb4.16&#8243; _module_preset=\u00bbdefault\u00bb border_radii_image=\u00bbon|20px|20px|20px|20px\u00bb disabled=\u00bbon\u00bb global_colors_info=\u00bb{}\u00bb]<\/p>\n<p>&nbsp;<\/p>\n<p>Tel\u00e9fono: 56-23-24-06<\/p>\n<p>Correo: <a href=\"mailto:becas.fm@unam.mx\">becas.fm@unam.mx<\/a><\/p>\n<p><span>Ubicaci\u00f3n: Primer piso, Edificio B.<\/span><\/p>\n<p>[\/et_pb_team_member][et_pb_team_member name=\u00bbDra. Leslie Maribel Hern\u00e1ndez Mercado \u00bb position=\u00bbResponsable de Becas y Enlace Institucional\u00bb image_url=\u00bbhttps:\/\/csc.facmed.unam.mx\/wp-content\/uploads\/2024\/01\/navidad-perfil2.png\u00bb _builder_version=\u00bb4.22.1&#8243; _module_preset=\u00bbdefault\u00bb background_color=\u00bbRGBA(255,255,255,0)\u00bb hover_enabled=\u00bb0&#8243; border_radii_image=\u00bbon|20px|20px|20px|20px\u00bb global_colors_info=\u00bb{}\u00bb sticky_enabled=\u00bb0&#8243;]<\/p>\n<p>&nbsp;<\/p>\n<p>Tel\u00e9fono: 55 5623-2300 Ext. 32406<\/p>\n<p>Correo: <a href=\"mailto:becasfm@unam.mx\">becasfm@unam.mx<\/a><\/p>\n<p><span>Ubicaci\u00f3n: Primer piso, Edificio B.<\/span><\/p>\n<p>[\/et_pb_team_member][et_pb_team_member name=\u00bbMtra. Larissa Jannet P\u00e9rez Escobedo\u00bb position=\u00bbResponsable del Programa de Ingl\u00e9s\u00bb image_url=\u00bbhttps:\/\/csc.facmed.unam.mx\/wp-content\/uploads\/2022\/02\/IMG_0401a-scaled.jpeg\u00bb disabled_on=\u00bbon|on|on\u00bb _builder_version=\u00bb4.16&#8243; _module_preset=\u00bbdefault\u00bb border_radii_image=\u00bbon|20px|20px|20px|20px\u00bb disabled=\u00bbon\u00bb global_colors_info=\u00bb{}\u00bb]<\/p>\n<p>&nbsp;<\/p>\n<p>Tel\u00e9fono: 56-23-23-55<\/p>\n<p>Correo: <a href=\"mailto:progi.fm@unam.mx\">progi.fm@unam.mx<\/a><\/p>\n<p>Ubicaci\u00f3n: <span>Planta baja, Edificio A. <em>Temporalmente acceso \u00fanicamente por las escaleras del edificio A.<\/em><\/span><\/p>\n<p>Aula virtual:\u00a0 <a href=\"ingles.facmed.unam.mx\">ingles.facmed.unam.mx<\/a><\/p>\n<p>&nbsp;<\/p>\n<p>[\/et_pb_team_member][\/et_pb_column][\/et_pb_row][\/et_pb_section]<\/p>\n","protected":false},"excerpt":{"rendered":"<p>Directorio&nbsp; Tel: 55 5623-2405 Correo:\u00a0csc.fm@unam.mx Ubicaci\u00f3n: Primer piso, Edificio B.&nbsp; Tel\u00e9fono: 55 5623-2300 Ext. 45136 Correo:\u00a0padyr.fm@unam.mx Ubicaci\u00f3n: Basamento del Edificio B, a un costado de las rampas. Temporalmente: Debajo de la cafeter\u00eda, frente a los auditorios.&nbsp; Tel\u00e9fono: 55 5623-2438 Correo:\u00a0acomunidad.fm@unam.mx Ubicaci\u00f3n: Primer piso, Edificio B.&nbsp; Tel: 55 5623-2150 Correo:\u00a0aud.fm@unam.mx Ubicaci\u00f3n: Ala derecha del Vest\u00edbulo del [&hellip;]<\/p>\n","protected":false},"author":1,"featured_media":0,"parent":0,"menu_order":0,"comment_status":"closed","ping_status":"closed","template":"","meta":{"_et_pb_use_builder":"on","_et_pb_old_content":"","_et_gb_content_width":"","footnotes":""},"class_list":["post-37","page","type-page","status-publish","hentry"],"jetpack_sharing_enabled":true,"_links":{"self":[{"href":"https:\/\/csc.facmed.unam.mx\/index.php\/wp-json\/wp\/v2\/pages\/37","targetHints":{"allow":["GET"]}}],"collection":[{"href":"https:\/\/csc.facmed.unam.mx\/index.php\/wp-json\/wp\/v2\/pages"}],"about":[{"href":"https:\/\/csc.facmed.unam.mx\/index.php\/wp-json\/wp\/v2\/types\/page"}],"author":[{"embeddable":true,"href":"https:\/\/csc.facmed.unam.mx\/index.php\/wp-json\/wp\/v2\/users\/1"}],"replies":[{"embeddable":true,"href":"https:\/\/csc.facmed.unam.mx\/index.php\/wp-json\/wp\/v2\/comments?post=37"}],"version-history":[{"count":32,"href":"https:\/\/csc.facmed.unam.mx\/index.php\/wp-json\/wp\/v2\/pages\/37\/revisions"}],"predecessor-version":[{"id":3565,"href":"https:\/\/csc.facmed.unam.mx\/index.php\/wp-json\/wp\/v2\/pages\/37\/revisions\/3565"}],"wp:attachment":[{"href":"https:\/\/csc.facmed.unam.mx\/index.php\/wp-json\/wp\/v2\/media?parent=37"}],"curies":[{"name":"wp","href":"https:\/\/api.w.org\/{rel}","templated":true}]}}