{"id":1645,"date":"2022-05-06T20:20:36","date_gmt":"2022-05-06T20:20:36","guid":{"rendered":"https:\/\/csc.facmed.unam.mx\/?page_id=1645"},"modified":"2026-03-25T23:18:08","modified_gmt":"2026-03-25T23:18:08","slug":"deportes-facmed","status":"publish","type":"page","link":"https:\/\/csc.facmed.unam.mx\/index.php\/deportes-facmed\/","title":{"rendered":"Deportes FacMed"},"content":{"rendered":"<p>[et_pb_section fb_built=\u00bb1&#8243; custom_padding_last_edited=\u00bbon|desktop\u00bb next_background_color=\u00bb#ffffff\u00bb admin_label=\u00bbHeader\u00bb _builder_version=\u00bb4.22.1&#8243; background_color=\u00bbRGBA(255,255,255,0)\u00bb background_enable_image=\u00bboff\u00bb background_enable_video_mp4=\u00bboff\u00bb min_height=\u00bb369.4px\u00bb custom_padding=\u00bb7vw||0vw||false|false\u00bb custom_padding_tablet=\u00bb100px||100px||true\u00bb custom_padding_phone=\u00bb29px||29px||true|false\u00bb top_divider_style=\u00bbwaves2&#8243; top_divider_color=\u00bb#000000&#8243; top_divider_height=\u00bb193px\u00bb top_divider_repeat=\u00bb1x\u00bb bottom_divider_style=\u00bbramp2&#8243; bottom_divider_height=\u00bb250px\u00bb bottom_divider_flip=\u00bbhorizontal\u00bb bottom_divider_height_tablet=\u00bb150px\u00bb bottom_divider_height_phone=\u00bb110px\u00bb bottom_divider_height_last_edited=\u00bbon|phone\u00bb saved_tabs=\u00bball\u00bb global_colors_info=\u00bb{}\u00bb][et_pb_row _builder_version=\u00bb4.16&#8243; _module_preset=\u00bbdefault\u00bb custom_padding=\u00bb108px|||||\u00bb locked=\u00bboff\u00bb global_colors_info=\u00bb{}\u00bb][et_pb_column type=\u00bb4_4&#8243; _builder_version=\u00bb4.16&#8243; _module_preset=\u00bbdefault\u00bb global_colors_info=\u00bb{}\u00bb][et_pb_text _builder_version=\u00bb4.22.1&#8243; _module_preset=\u00bbdefault\u00bb background_color=\u00bbrgba(164,124,0,0.84)\u00bb border_radii=\u00bbon|20px|20px|20px|20px\u00bb inline_fonts=\u00bbTrocchi\u00bb global_colors_info=\u00bb{}\u00bb]<\/p>\n<p style=\"text-align: left;\"><span style=\"color: #a47c00;\"><strong>.<\/strong><\/span><\/p>\n<h1 style=\"text-align: center;\"><em><span style=\"font-family: inherit; font-weight: normal;\"><span style=\"color: #000000;\"><strong>DEPORTES FACMED<\/strong><\/span><\/span><\/em><strong><\/strong><\/h1>\n<p><span style=\"color: #ffffff;\"><strong>.<\/strong><\/span><\/p>\n<p>[\/et_pb_text][\/et_pb_column][\/et_pb_row][et_pb_row _builder_version=\u00bb4.22.1&#8243; _module_preset=\u00bbdefault\u00bb global_colors_info=\u00bb{}\u00bb][et_pb_column type=\u00bb4_4&#8243; _builder_version=\u00bb4.22.1&#8243; _module_preset=\u00bbdefault\u00bb global_colors_info=\u00bb{}\u00bb][et_pb_text _builder_version=\u00bb4.22.1&#8243; _module_preset=\u00bbdefault\u00bb global_colors_info=\u00bb{}\u00bb]<\/p>\n<h3>Son las actividades deportivas de conjunto, en las cuales el objetivo principal es la participaci\u00f3n en competencias y torneos, siendo \u00abJuegos Universitarios\u00bb la m\u00e1s destacada.<\/h3>\n<p>[\/et_pb_text][\/et_pb_column][\/et_pb_row][\/et_pb_section][et_pb_section fb_built=\u00bb1&#8243; _builder_version=\u00bb4.16&#8243; _module_preset=\u00bbdefault\u00bb custom_margin=\u00bb4px|||||\u00bb custom_padding=\u00bb0px||0px|||\u00bb global_colors_info=\u00bb{}\u00bb][et_pb_row column_structure=\u00bb1_2,1_2&#8243; _builder_version=\u00bb4.22.1&#8243; _module_preset=\u00bbdefault\u00bb global_colors_info=\u00bb{}\u00bb][et_pb_column type=\u00bb1_2&#8243; _builder_version=\u00bb4.22.1&#8243; _module_preset=\u00bbdefault\u00bb global_colors_info=\u00bb{}\u00bb][et_pb_text _builder_version=\u00bb4.22.1&#8243; _module_preset=\u00bbdefault\u00bb custom_margin=\u00bb5px||5px|||\u00bb custom_padding=\u00bb||3px|||\u00bb locked=\u00bboff\u00bb global_colors_info=\u00bb{}\u00bb]<\/p>\n<h1><span style=\"color: #a47c00;\"><strong>VOLEIBOL<\/strong><\/span><\/h1>\n<p>[\/et_pb_text][et_pb_text _builder_version=\u00bb4.22.1&#8243; _module_preset=\u00bbdefault\u00bb global_colors_info=\u00bb{}\u00bb]<\/p>\n<p>El voleibol es un deporte de conjunto jugado por dos equipos separados por una red central. <span>El objetivo del juego es mantener la pelota en el aire usando cualquier parte del cuerpo, con un m\u00e1ximo de tres golpes por equipo antes de pasarla al otro lado de la red. Si en alg\u00fan momento la pelota toca el piso, es un punto en contra del equipo que la dej\u00f3 caer.<\/span><\/p>\n<p><span>Practicar voleibol tiene muchos beneficios para la salud, como son: desarrollo de coordinaci\u00f3n, mejora de reflejos, fortalecimiento de miembros inferiores, creaci\u00f3n de v\u00ednculos interpersonales, etc.<\/span><\/p>\n<p>[\/et_pb_text][\/et_pb_column][et_pb_column type=\u00bb1_2&#8243; _builder_version=\u00bb4.22.1&#8243; _module_preset=\u00bbdefault\u00bb global_colors_info=\u00bb{}\u00bb][et_pb_image src=\u00bbhttps:\/\/csc.facmed.unam.mx\/wp-content\/uploads\/2026\/03\/Carteles-PADYR-scaled.png\u00bb title_text=\u00bbbanner voleibol\u00bb _builder_version=\u00bb4.22.1&#8243; _module_preset=\u00bbdefault\u00bb custom_margin=\u00bb82px||10px|||\u00bb global_colors_info=\u00bb{}\u00bb][\/et_pb_image][\/et_pb_column][\/et_pb_row][et_pb_row column_structure=\u00bb1_2,1_2&#8243; _builder_version=\u00bb4.22.1&#8243; _module_preset=\u00bbdefault\u00bb global_colors_info=\u00bb{}\u00bb][et_pb_column type=\u00bb1_2&#8243; _builder_version=\u00bb4.22.1&#8243; _module_preset=\u00bbdefault\u00bb global_colors_info=\u00bb{}\u00bb][et_pb_text _builder_version=\u00bb4.22.1&#8243; _module_preset=\u00bbdefault\u00bb global_colors_info=\u00bb{}\u00bb]<\/p>\n<h4 style=\"text-align: center;\"><strong>Convocatoria<\/strong><\/h4>\n<p>[\/et_pb_text][et_pb_image src=\u00bbhttps:\/\/csc.facmed.unam.mx\/wp-content\/uploads\/2026\/03\/Voleibol-1.png\u00bb title_text=\u00bbVoleibol (1)\u00bb _builder_version=\u00bb4.22.1&#8243; _module_preset=\u00bbdefault\u00bb global_colors_info=\u00bb{}\u00bb][\/et_pb_image][\/et_pb_column][et_pb_column type=\u00bb1_2&#8243; _builder_version=\u00bb4.22.1&#8243; _module_preset=\u00bbdefault\u00bb global_colors_info=\u00bb{}\u00bb][et_pb_text _builder_version=\u00bb4.22.1&#8243; _module_preset=\u00bbdefault\u00bb min_height=\u00bb21px\u00bb global_colors_info=\u00bb{}\u00bb]<\/p>\n<h4 style=\"text-align: center;\"><strong>Galer\u00eda<\/strong><\/h4>\n<p>[\/et_pb_text][et_pb_gallery gallery_ids=\u00bb3877,3879,3880,3885,3878,3886,3887&#8243; fullwidth=\u00bbon\u00bb _builder_version=\u00bb4.22.1&#8243; _module_preset=\u00bbdefault\u00bb global_colors_info=\u00bb{}\u00bb][\/et_pb_gallery][\/et_pb_column][\/et_pb_row][\/et_pb_section][et_pb_section fb_built=\u00bb1&#8243; _builder_version=\u00bb4.22.1&#8243; _module_preset=\u00bbdefault\u00bb background_color=\u00bbrgba(164,124,0,0.5)\u00bb custom_margin=\u00bb4px|||||\u00bb custom_padding=\u00bb0px||0px|||\u00bb global_colors_info=\u00bb{}\u00bb][et_pb_row column_structure=\u00bb1_2,1_2&#8243; _builder_version=\u00bb4.22.1&#8243; _module_preset=\u00bbdefault\u00bb global_colors_info=\u00bb{}\u00bb][et_pb_column type=\u00bb1_2&#8243; _builder_version=\u00bb4.22.1&#8243; _module_preset=\u00bbdefault\u00bb global_colors_info=\u00bb{}\u00bb][et_pb_image src=\u00bbhttps:\/\/csc.facmed.unam.mx\/wp-content\/uploads\/2026\/03\/Carteles-PADYR-1-scaled.png\u00bb title_text=\u00bbBanner basquetbol\u00bb _builder_version=\u00bb4.22.1&#8243; _module_preset=\u00bbdefault\u00bb custom_padding=\u00bb82px|||||\u00bb global_colors_info=\u00bb{}\u00bb][\/et_pb_image][\/et_pb_column][et_pb_column type=\u00bb1_2&#8243; _builder_version=\u00bb4.22.1&#8243; _module_preset=\u00bbdefault\u00bb global_colors_info=\u00bb{}\u00bb][et_pb_text _builder_version=\u00bb4.22.1&#8243; _module_preset=\u00bbdefault\u00bb custom_margin=\u00bb5px||5px|||\u00bb custom_padding=\u00bb||3px|||\u00bb locked=\u00bboff\u00bb global_colors_info=\u00bb{}\u00bb]<\/p>\n<h1><span style=\"color: #000000;\"><strong>BASQUETBOL<\/strong><\/span><\/h1>\n<p>[\/et_pb_text][et_pb_text _builder_version=\u00bb4.22.1&#8243; _module_preset=\u00bbdefault\u00bb global_colors_info=\u00bb{}\u00bb]<\/p>\n<p><span>El baloncesto es un deporte de conjunto que se juega en una cancha rectangular en la que dos <\/span>equipos<span>\u00a0contrarios\u00a0<\/span>formados por cinco jugadores<span>\u00a0intentan anotar lanzando un bal\u00f3n al aro y la red del adversario, lo cual se conoce como canasta.<\/span><\/p>\n<p><span>El\u00a0<\/span>basquetbol<span> promueve la velocidad, la agilidad, la fuerza, la potencia y la resistencia. Tambi\u00e9n se ha demostrado que aumenta la flexibilidad y la coordinaci\u00f3n motora. Como resultado, el basquetbol est\u00e1 especialmente orientado a mejorar las habilidades motoras fundamentales que han demostrado ser beneficiosas para promover la salud en general.<\/span><\/p>\n<p>[\/et_pb_text][\/et_pb_column][\/et_pb_row][et_pb_row column_structure=\u00bb1_2,1_2&#8243; _builder_version=\u00bb4.22.1&#8243; _module_preset=\u00bbdefault\u00bb global_colors_info=\u00bb{}\u00bb][et_pb_column type=\u00bb1_2&#8243; _builder_version=\u00bb4.22.1&#8243; _module_preset=\u00bbdefault\u00bb global_colors_info=\u00bb{}\u00bb][et_pb_text _builder_version=\u00bb4.22.1&#8243; _module_preset=\u00bbdefault\u00bb global_colors_info=\u00bb{}\u00bb]<\/p>\n<h4 style=\"text-align: center;\"><strong>Convocatoria<\/strong><\/h4>\n<p>[\/et_pb_text][et_pb_image src=\u00bbhttps:\/\/csc.facmed.unam.mx\/wp-content\/uploads\/2026\/03\/Basquet.png\u00bb title_text=\u00bbBasquet\u00bb _builder_version=\u00bb4.22.1&#8243; _module_preset=\u00bbdefault\u00bb global_colors_info=\u00bb{}\u00bb][\/et_pb_image][\/et_pb_column][et_pb_column type=\u00bb1_2&#8243; _builder_version=\u00bb4.22.1&#8243; _module_preset=\u00bbdefault\u00bb global_colors_info=\u00bb{}\u00bb][et_pb_text _builder_version=\u00bb4.22.1&#8243; _module_preset=\u00bbdefault\u00bb min_height=\u00bb21px\u00bb global_colors_info=\u00bb{}\u00bb]<\/p>\n<h4 style=\"text-align: center;\"><strong>Galer\u00eda<\/strong><\/h4>\n<p>[\/et_pb_text][et_pb_gallery gallery_ids=\u00bb3893,3892,3894,3895&#8243; fullwidth=\u00bbon\u00bb _builder_version=\u00bb4.22.1&#8243; _module_preset=\u00bbdefault\u00bb global_colors_info=\u00bb{}\u00bb][\/et_pb_gallery][\/et_pb_column][\/et_pb_row][\/et_pb_section][et_pb_section fb_built=\u00bb1&#8243; _builder_version=\u00bb4.16&#8243; _module_preset=\u00bbdefault\u00bb custom_margin=\u00bb4px|||||\u00bb custom_padding=\u00bb0px||0px|||\u00bb global_colors_info=\u00bb{}\u00bb][et_pb_row column_structure=\u00bb1_2,1_2&#8243; _builder_version=\u00bb4.22.1&#8243; _module_preset=\u00bbdefault\u00bb global_colors_info=\u00bb{}\u00bb][et_pb_column type=\u00bb1_2&#8243; _builder_version=\u00bb4.22.1&#8243; _module_preset=\u00bbdefault\u00bb global_colors_info=\u00bb{}\u00bb][et_pb_text _builder_version=\u00bb4.22.1&#8243; _module_preset=\u00bbdefault\u00bb custom_margin=\u00bb5px||5px|||\u00bb custom_padding=\u00bb||3px|||\u00bb locked=\u00bboff\u00bb global_colors_info=\u00bb{}\u00bb]<\/p>\n<h1><span style=\"color: #a47c00;\"><strong>FLAG Y FUTBOL AMERICANO<\/strong><\/span><\/h1>\n<p>[\/et_pb_text][et_pb_text _builder_version=\u00bb4.22.1&#8243; _module_preset=\u00bbdefault\u00bb global_colors_info=\u00bb{}\u00bb]<\/p>\n<p>El futbol americano es un deporte que se disputa entre dos equipos, formado por once jugadores de campo en cada conjunto, que tiene una formaci\u00f3n para cuando ataca, otra para cuando defiende y otra para las jugadas de retorno. El conjunto que tiene la pelota trata de llegar a la zona de anotaci\u00f3n del equipo rival y lograr as\u00ed un &#8216;touchdown&#8217;, con la defensa tratando de impedirlo. Est\u00e1 permitido el tackleo, que es una acci\u00f3n defensiva para detener el avance del rival que posee el bal\u00f3n.<\/p>\n<p><span>El tocho bandera, tambi\u00e9n conocido como \u201ctochito\u201d, \u201ctocho\u201d o \u201cflag football\u201d, es una modalidad del futbol americano que se juega sin contacto. En lugar de tirar al suelo al jugador contrario, el equipo defensor debe quitar una de las dos cintas (flags) que cuelgan a los lados de la cintura de cada uno de sus oponentes.<\/span><\/p>\n<p><span>Ambos deportes favorecen la disciplina, el trabajo en equipo, fuerza, agilidad, coordinaci\u00f3n y la salud cardiovascular. El flag, adem\u00e1s, al ser sin contacto, destaca por ser inclusivo y seguro, reduciendo el riesgo de lesiones graves.<\/span><\/p>\n<p>[\/et_pb_text][\/et_pb_column][et_pb_column type=\u00bb1_2&#8243; _builder_version=\u00bb4.22.1&#8243; _module_preset=\u00bbdefault\u00bb global_colors_info=\u00bb{}\u00bb][et_pb_image src=\u00bbhttps:\/\/csc.facmed.unam.mx\/wp-content\/uploads\/2026\/03\/Carteles-PADYR-3-scaled.png\u00bb title_text=\u00bbbanner flag\u00bb _builder_version=\u00bb4.22.1&#8243; _module_preset=\u00bbdefault\u00bb custom_margin=\u00bb82px||10px|||\u00bb global_colors_info=\u00bb{}\u00bb][\/et_pb_image][\/et_pb_column][\/et_pb_row][et_pb_row column_structure=\u00bb1_2,1_2&#8243; _builder_version=\u00bb4.22.1&#8243; _module_preset=\u00bbdefault\u00bb global_colors_info=\u00bb{}\u00bb][et_pb_column type=\u00bb1_2&#8243; _builder_version=\u00bb4.22.1&#8243; _module_preset=\u00bbdefault\u00bb global_colors_info=\u00bb{}\u00bb][et_pb_text _builder_version=\u00bb4.22.1&#8243; _module_preset=\u00bbdefault\u00bb global_colors_info=\u00bb{}\u00bb]<\/p>\n<h4 style=\"text-align: center;\"><strong>Convocatoria<\/strong><\/h4>\n<p>[\/et_pb_text][et_pb_image src=\u00bbhttps:\/\/csc.facmed.unam.mx\/wp-content\/uploads\/2026\/03\/Flag-1.png\u00bb title_text=\u00bbFlag (1)\u00bb _builder_version=\u00bb4.22.1&#8243; _module_preset=\u00bbdefault\u00bb global_colors_info=\u00bb{}\u00bb][\/et_pb_image][\/et_pb_column][et_pb_column type=\u00bb1_2&#8243; _builder_version=\u00bb4.22.1&#8243; _module_preset=\u00bbdefault\u00bb global_colors_info=\u00bb{}\u00bb][et_pb_text _builder_version=\u00bb4.22.1&#8243; _module_preset=\u00bbdefault\u00bb min_height=\u00bb21px\u00bb global_colors_info=\u00bb{}\u00bb]<\/p>\n<h4 style=\"text-align: center;\"><strong>Galer\u00eda<\/strong><\/h4>\n<p>[\/et_pb_text][et_pb_gallery gallery_ids=\u00bb3900,3905,3906,3903,3902,3904&#8243; fullwidth=\u00bbon\u00bb _builder_version=\u00bb4.22.1&#8243; _module_preset=\u00bbdefault\u00bb global_colors_info=\u00bb{}\u00bb][\/et_pb_gallery][\/et_pb_column][\/et_pb_row][\/et_pb_section][et_pb_section fb_built=\u00bb1&#8243; _builder_version=\u00bb4.22.1&#8243; _module_preset=\u00bbdefault\u00bb background_color=\u00bbrgba(164,124,0,0.5)\u00bb custom_margin=\u00bb4px|||||\u00bb custom_padding=\u00bb0px||0px|||\u00bb global_colors_info=\u00bb{}\u00bb][et_pb_row column_structure=\u00bb1_2,1_2&#8243; _builder_version=\u00bb4.22.1&#8243; _module_preset=\u00bbdefault\u00bb global_colors_info=\u00bb{}\u00bb][et_pb_column type=\u00bb1_2&#8243; _builder_version=\u00bb4.22.1&#8243; _module_preset=\u00bbdefault\u00bb global_colors_info=\u00bb{}\u00bb][et_pb_image src=\u00bbhttps:\/\/csc.facmed.unam.mx\/wp-content\/uploads\/2026\/03\/Carteles-PADYR-4-scaled.png\u00bb title_text=\u00bbbanner futbol\u00bb _builder_version=\u00bb4.22.1&#8243; _module_preset=\u00bbdefault\u00bb custom_padding=\u00bb82px|||||\u00bb global_colors_info=\u00bb{}\u00bb][\/et_pb_image][\/et_pb_column][et_pb_column type=\u00bb1_2&#8243; _builder_version=\u00bb4.22.1&#8243; _module_preset=\u00bbdefault\u00bb global_colors_info=\u00bb{}\u00bb][et_pb_text _builder_version=\u00bb4.22.1&#8243; _module_preset=\u00bbdefault\u00bb custom_margin=\u00bb5px||5px|||\u00bb custom_padding=\u00bb||3px|||\u00bb locked=\u00bboff\u00bb global_colors_info=\u00bb{}\u00bb]<\/p>\n<h1><span style=\"color: #000000;\"><strong>FUTBOL SOCCER<\/strong><\/span><\/h1>\n<p>[\/et_pb_text][et_pb_text _builder_version=\u00bb4.22.1&#8243; _module_preset=\u00bbdefault\u00bb global_colors_info=\u00bb{}\u00bb]<\/p>\n<p>El f\u00fatbol es el deporte m\u00e1s popular del mundo y en \u00e9l se enfrentan dos equipos de 11 jugadores, donde cada uno intentan introducir el bal\u00f3n en la porter\u00eda del equipo rival utilizando cualquier parte de su anatom\u00eda a excepci\u00f3n de la mano o el brazo. Cada equipo tiene un portero que s\u00f3lo puede tocar el bal\u00f3n con la mano dentro de su propia \u00e1rea de penalti.<\/p>\n<p>Se practican algunas otras variantes del f\u00fatbol que adaptan el juego tradicional en n\u00famero de jugadores, superficie y reglas, destacando el f\u00fatbol sala\u00a0(r\u00e1pido, 5&#215;5, superficie dura),\u00a0f\u00fatbol r\u00e1pido (cancha con paredes, 6&#215;6, manteniendo un juego m\u00e1s continuo), y el f\u00fatbol 7 (m\u00e1s \u00edntimo y r\u00e1pido, 7&#215;7).<\/p>\n<p>Algunos de sus beneficios son: mejora del sistema cardiovascular, aumento de la masa muscular, reducci\u00f3n de la grasa corporal, mejora de la concentraci\u00f3n, habilidades sociales y toma de decisiones, etc.<span><\/span><\/p>\n<p><span><\/span><\/p>\n<p>[\/et_pb_text][\/et_pb_column][\/et_pb_row][et_pb_row column_structure=\u00bb1_2,1_2&#8243; _builder_version=\u00bb4.22.1&#8243; _module_preset=\u00bbdefault\u00bb global_colors_info=\u00bb{}\u00bb][et_pb_column type=\u00bb1_2&#8243; _builder_version=\u00bb4.22.1&#8243; _module_preset=\u00bbdefault\u00bb global_colors_info=\u00bb{}\u00bb][et_pb_text _builder_version=\u00bb4.22.1&#8243; _module_preset=\u00bbdefault\u00bb global_colors_info=\u00bb{}\u00bb]<\/p>\n<h4 style=\"text-align: center;\"><strong>Convocatoria<\/strong><\/h4>\n<p>[\/et_pb_text][et_pb_image src=\u00bbhttps:\/\/csc.facmed.unam.mx\/wp-content\/uploads\/2026\/03\/Futbol.png\u00bb title_text=\u00bbFutbol\u00bb _builder_version=\u00bb4.22.1&#8243; _module_preset=\u00bbdefault\u00bb global_colors_info=\u00bb{}\u00bb][\/et_pb_image][\/et_pb_column][et_pb_column type=\u00bb1_2&#8243; _builder_version=\u00bb4.22.1&#8243; _module_preset=\u00bbdefault\u00bb global_colors_info=\u00bb{}\u00bb][et_pb_text _builder_version=\u00bb4.22.1&#8243; _module_preset=\u00bbdefault\u00bb min_height=\u00bb21px\u00bb global_colors_info=\u00bb{}\u00bb]<\/p>\n<h4 style=\"text-align: center;\"><strong>Galer\u00eda<\/strong><\/h4>\n<p>[\/et_pb_text][et_pb_gallery gallery_ids=\u00bb3913,3914,3907,3912,3911&#8243; fullwidth=\u00bbon\u00bb _builder_version=\u00bb4.22.1&#8243; _module_preset=\u00bbdefault\u00bb global_colors_info=\u00bb{}\u00bb][\/et_pb_gallery][\/et_pb_column][\/et_pb_row][\/et_pb_section][et_pb_section fb_built=\u00bb1&#8243; _builder_version=\u00bb4.16&#8243; _module_preset=\u00bbdefault\u00bb custom_margin=\u00bb4px|||||\u00bb custom_padding=\u00bb0px||0px|||\u00bb global_colors_info=\u00bb{}\u00bb][et_pb_row column_structure=\u00bb1_2,1_2&#8243; _builder_version=\u00bb4.22.1&#8243; _module_preset=\u00bbdefault\u00bb global_colors_info=\u00bb{}\u00bb][et_pb_column type=\u00bb1_2&#8243; _builder_version=\u00bb4.22.1&#8243; _module_preset=\u00bbdefault\u00bb global_colors_info=\u00bb{}\u00bb][et_pb_text _builder_version=\u00bb4.22.1&#8243; _module_preset=\u00bbdefault\u00bb custom_margin=\u00bb5px||5px|||\u00bb custom_padding=\u00bb||3px|||\u00bb locked=\u00bboff\u00bb global_colors_info=\u00bb{}\u00bb]<\/p>\n<h1><span style=\"color: #a47c00;\"><strong>ACTIVIDADES ACU\u00c1TICAS<\/strong><\/span><\/h1>\n<p>[\/et_pb_text][et_pb_text _builder_version=\u00bb4.22.1&#8243; _module_preset=\u00bbdefault\u00bb global_colors_info=\u00bb{}\u00bb]<\/p>\n<p>La nataci\u00f3n es un deporte tanto individual como colectivo en el que los nadadores impulsan su cuerpo a trav\u00e9s del agua en una piscina al aire libre o cubierta utilizando uno de los siguientes estilos: estilo libre, espalda, braza o mariposa. En las carreras de relevos, el segundo, tercer y cuarto nadador de un equipo s\u00f3lo pueden empezar su etapa de la carrera una vez que el nadador anterior haya tocado la pared.<\/p>\n<p>La Nataci\u00f3n con Aletas es una disciplina deportiva cuya particularidad es la velocidad que se alcanza en los distintos tipos de nado en comparaci\u00f3n con otros deportes similares. Su principal caracter\u00edstica es el uso de elementos propulsores \u201cmonoaletas\u201d o \u201caletas\u201d, adem\u00e1s de los elementos auxiliares necesarios para los distintos tipos de pruebas.<\/p>\n<p>La apnea din\u00e1mica es un evento en el que el atleta tiene como objetivo cubrir la distancia horizontal m\u00e1xima manteniendo el cuerpo debajo de la superficie del agua en apnea con o sin aletas.<\/p>\n<p>Algunos beneficios de estos deportes son la tonificaci\u00f3n y el fortalecimiento muscular, la reducci\u00f3n de la inflamaci\u00f3n y la mejora de la salud card\u00edaca, pulmonar y mental, siendo considerados por muchas personas los mejores ejercicios que existen.<span><\/span><\/p>\n<p><span><\/span><\/p>\n<p>[\/et_pb_text][\/et_pb_column][et_pb_column type=\u00bb1_2&#8243; _builder_version=\u00bb4.22.1&#8243; _module_preset=\u00bbdefault\u00bb global_colors_info=\u00bb{}\u00bb][et_pb_image src=\u00bbhttps:\/\/csc.facmed.unam.mx\/wp-content\/uploads\/2026\/03\/Carteles-PADYR-5-scaled.png\u00bb title_text=\u00bbBanner acuaticas\u00bb _builder_version=\u00bb4.22.1&#8243; _module_preset=\u00bbdefault\u00bb custom_margin=\u00bb82px||10px|||\u00bb global_colors_info=\u00bb{}\u00bb][\/et_pb_image][\/et_pb_column][\/et_pb_row][et_pb_row column_structure=\u00bb1_2,1_2&#8243; _builder_version=\u00bb4.22.1&#8243; _module_preset=\u00bbdefault\u00bb global_colors_info=\u00bb{}\u00bb][et_pb_column type=\u00bb1_2&#8243; _builder_version=\u00bb4.22.1&#8243; _module_preset=\u00bbdefault\u00bb global_colors_info=\u00bb{}\u00bb][et_pb_text _builder_version=\u00bb4.22.1&#8243; _module_preset=\u00bbdefault\u00bb global_colors_info=\u00bb{}\u00bb]<\/p>\n<h4 style=\"text-align: center;\"><strong>Convocatoria<\/strong><\/h4>\n<p>[\/et_pb_text][et_pb_image src=\u00bbhttps:\/\/csc.facmed.unam.mx\/wp-content\/uploads\/2026\/03\/Acuaticas.png\u00bb title_text=\u00bbAcu\u00e1ticas\u00bb _builder_version=\u00bb4.22.1&#8243; _module_preset=\u00bbdefault\u00bb global_colors_info=\u00bb{}\u00bb][\/et_pb_image][\/et_pb_column][et_pb_column type=\u00bb1_2&#8243; _builder_version=\u00bb4.22.1&#8243; _module_preset=\u00bbdefault\u00bb global_colors_info=\u00bb{}\u00bb][et_pb_text _builder_version=\u00bb4.22.1&#8243; _module_preset=\u00bbdefault\u00bb min_height=\u00bb21px\u00bb global_colors_info=\u00bb{}\u00bb]<\/p>\n<h4 style=\"text-align: center;\"><strong>Galer\u00eda<\/strong><\/h4>\n<p>[\/et_pb_text][et_pb_gallery gallery_ids=\u00bb3920,3921,3918,3923,3917,3919,3922&#8243; fullwidth=\u00bbon\u00bb _builder_version=\u00bb4.22.1&#8243; _module_preset=\u00bbdefault\u00bb global_colors_info=\u00bb{}\u00bb][\/et_pb_gallery][\/et_pb_column][\/et_pb_row][\/et_pb_section][et_pb_section fb_built=\u00bb1&#8243; custom_padding_last_edited=\u00bbon|desktop\u00bb admin_label=\u00bbCall to action\u00bb _builder_version=\u00bb4.22.1&#8243; background_color=\u00bb#FFFFFF\u00bb background_image=\u00bbhttps:\/\/csc.facmed.unam.mx\/wp-content\/uploads\/2022\/02\/marketing-bg6.png\u00bb parallax=\u00bbon\u00bb custom_padding=\u00bb4vw||0vw||false|false\u00bb custom_padding_tablet=\u00bb100px||100px||true\u00bb custom_padding_phone=\u00bb||||true\u00bb top_divider_height=\u00bb250px\u00bb top_divider_flip=\u00bbvertical\u00bb top_divider_height_tablet=\u00bb150px\u00bb top_divider_height_phone=\u00bb110px\u00bb top_divider_height_last_edited=\u00bbon|phone\u00bb bottom_divider_style=\u00bbwaves2&#8243; bottom_divider_color=\u00bb#000000&#8243; saved_tabs=\u00bball\u00bb global_colors_info=\u00bb{}\u00bb][\/et_pb_section]<\/p>\n","protected":false},"excerpt":{"rendered":"<p>. DEPORTES FACMED .Son las actividades deportivas de conjunto, en las cuales el objetivo principal es la participaci\u00f3n en competencias y torneos, siendo \u00abJuegos Universitarios\u00bb la m\u00e1s destacada.VOLEIBOLEl voleibol es un deporte de conjunto jugado por dos equipos separados por una red central. El objetivo del juego es mantener la pelota en el aire usando [&hellip;]<\/p>\n","protected":false},"author":5,"featured_media":0,"parent":0,"menu_order":0,"comment_status":"closed","ping_status":"closed","template":"","meta":{"_et_pb_use_builder":"on","_et_pb_old_content":"","_et_gb_content_width":"","footnotes":""},"class_list":["post-1645","page","type-page","status-publish","hentry"],"jetpack_sharing_enabled":true,"_links":{"self":[{"href":"https:\/\/csc.facmed.unam.mx\/index.php\/wp-json\/wp\/v2\/pages\/1645","targetHints":{"allow":["GET"]}}],"collection":[{"href":"https:\/\/csc.facmed.unam.mx\/index.php\/wp-json\/wp\/v2\/pages"}],"about":[{"href":"https:\/\/csc.facmed.unam.mx\/index.php\/wp-json\/wp\/v2\/types\/page"}],"author":[{"embeddable":true,"href":"https:\/\/csc.facmed.unam.mx\/index.php\/wp-json\/wp\/v2\/users\/5"}],"replies":[{"embeddable":true,"href":"https:\/\/csc.facmed.unam.mx\/index.php\/wp-json\/wp\/v2\/comments?post=1645"}],"version-history":[{"count":40,"href":"https:\/\/csc.facmed.unam.mx\/index.php\/wp-json\/wp\/v2\/pages\/1645\/revisions"}],"predecessor-version":[{"id":3937,"href":"https:\/\/csc.facmed.unam.mx\/index.php\/wp-json\/wp\/v2\/pages\/1645\/revisions\/3937"}],"wp:attachment":[{"href":"https:\/\/csc.facmed.unam.mx\/index.php\/wp-json\/wp\/v2\/media?parent=1645"}],"curies":[{"name":"wp","href":"https:\/\/api.w.org\/{rel}","templated":true}]}}