{"id":1258,"date":"2022-04-25T21:10:50","date_gmt":"2022-04-25T21:10:50","guid":{"rendered":"https:\/\/csc.facmed.unam.mx\/?page_id=1258"},"modified":"2022-04-26T19:16:51","modified_gmt":"2022-04-26T19:16:51","slug":"1258-2","status":"publish","type":"page","link":"https:\/\/csc.facmed.unam.mx\/index.php\/1258-2\/","title":{"rendered":"BECAS P FREC"},"content":{"rendered":"\n[et_pb_section fb_built=\u00bb1&#8243; admin_label=\u00bbsection\u00bb _builder_version=\u00bb4.14.8&#8243; parallax=\u00bbon\u00bb hover_enabled=\u00bb0&#8243; global_colors_info=\u00bb{}\u00bb theme_builder_area=\u00bbpost_content\u00bb background_enable_image=\u00bboff\u00bb use_background_color_gradient=\u00bbon\u00bb background_color_gradient_start=\u00bb#ffffff\u00bb background_color=\u00bbRGBA(255,255,255,0)\u00bb background_color_gradient_end=\u00bb#8b68ee\u00bb sticky_enabled=\u00bb0&#8243;][et_pb_row admin_label=\u00bbrow\u00bb _builder_version=\u00bb3.25&#8243; background_size=\u00bbinitial\u00bb background_position=\u00bbtop_left\u00bb background_repeat=\u00bbrepeat\u00bb global_colors_info=\u00bb{}\u00bb theme_builder_area=\u00bbpost_content\u00bb][et_pb_column type=\u00bb4_4&#8243; _builder_version=\u00bb3.25&#8243; custom_padding=\u00bb|||\u00bb global_colors_info=\u00bb{}\u00bb custom_padding__hover=\u00bb|||\u00bb theme_builder_area=\u00bbpost_content\u00bb][et_pb_text _builder_version=\u00bb4.14.8&#8243; _module_preset=\u00bbdefault\u00bb text_font=\u00bb|600|||||||\u00bb text_font_size=\u00bb21px\u00bb global_colors_info=\u00bb{}\u00bb theme_builder_area=\u00bbpost_content\u00bb]<p style=\"text-align: center;\"><span style=\"color: #6d00ea;\"><strong>PREGUNTAS FRECUENTES<\/strong><\/span><\/p>\n<p style=\"text-align: center;\"><span style=\"color: #000000;\">\u00c1rea de Becas y Programas de Apoyo<\/span><\/p>[\/et_pb_text][\/et_pb_column][\/et_pb_row][et_pb_row _builder_version=\u00bb4.14.7&#8243; _module_preset=\u00bbdefault\u00bb global_colors_info=\u00bb{}\u00bb theme_builder_area=\u00bbpost_content\u00bb][et_pb_column type=\u00bb4_4&#8243; _builder_version=\u00bb4.14.7&#8243; _module_preset=\u00bbdefault\u00bb global_colors_info=\u00bb{}\u00bb theme_builder_area=\u00bbpost_content\u00bb][et_pb_text _builder_version=\u00bb4.14.8&#8243; _module_preset=\u00bbdefault\u00bb global_colors_info=\u00bb{}\u00bb theme_builder_area=\u00bbpost_content\u00bb]<p><span style=\"color: #000000;\"><strong>ASUNTOS GENERALES<\/strong><\/span><\/p>[\/et_pb_text][et_pb_toggle title=\u00bb\u00bfCu\u00e1ndo se publican las convocatorias de las becas?\u00bb open_toggle_text_color=\u00bb#845fb0&#8243; open_toggle_background_color=\u00bbrgba(182,164,232,0.37)\u00bb closed_toggle_text_color=\u00bb#FFFFFF\u00bb closed_toggle_background_color=\u00bb#845fb0&#8243; icon_color=\u00bb#FFFFFF\u00bb open_icon_color=\u00bb#845fb0&#8243; _builder_version=\u00bb4.14.8&#8243; _module_preset=\u00bbdefault\u00bb custom_margin=\u00bb-14px||20px|||\u00bb hover_enabled=\u00bb0&#8243; border_radii=\u00bbon|20px|20px|20px|20px\u00bb border_color_all=\u00bb#000000&#8243; global_colors_info=\u00bb{}\u00bb theme_builder_area=\u00bbpost_content\u00bb sticky_enabled=\u00bb0&#8243;]<p style=\"text-align: justify;\">Las distintas convocatorias se comienzan a publicar, en su mayor\u00eda, a finales de agosto, sin embargo, en ocasiones se llegan a publicar en otras fechas del a\u00f1o dependiendo del presupuesto de cada una. Te sugerimos revisar los portales de manera peri\u00f3dica.<\/p>[\/et_pb_toggle][et_pb_toggle title=\u00bb\u00bfD\u00f3nde puedo consultar las becas que se encuentran disponibles actualmente?\u00bb open_toggle_text_color=\u00bb#845fb0&#8243; open_toggle_background_color=\u00bbrgba(182,164,232,0.37)\u00bb closed_toggle_text_color=\u00bb#FFFFFF\u00bb closed_toggle_background_color=\u00bb#845fb0&#8243; icon_color=\u00bb#FFFFFF\u00bb open_icon_color=\u00bb#845fb0&#8243; _builder_version=\u00bb4.14.8&#8243; _module_preset=\u00bbdefault\u00bb custom_margin=\u00bb-14px||20px|||\u00bb border_radii=\u00bbon|20px|20px|20px|20px\u00bb border_color_all=\u00bb#000000&#8243; global_colors_info=\u00bb{}\u00bb theme_builder_area=\u00bbpost_content\u00bb]<p style=\"text-align: justify;\">En la secci\u00f3n de Convocatorias del Portal del Becario UNAM (<a href=\"http:\/\/www.becarios.unam.mx\">www.becarios.unam.mx<\/a>) o en el sistema INTEGRA (https:\/\/www.integra.unam.mx\/) a trav\u00e9s de tu cuenta, se encuentran disponibles cada una de las convocatorias de las diferentes becas que ofrece la UNAM. Te sugerimos revisar detenidamente la vigencia de registro de la beca de tu inter\u00e9s.<\/p>[\/et_pb_toggle][et_pb_toggle title=\u00bb\u00bfC\u00f3mo puedo solicitar una beca?\u00bb open_toggle_text_color=\u00bb#845fb0&#8243; open_toggle_background_color=\u00bbrgba(182,164,232,0.37)\u00bb closed_toggle_text_color=\u00bb#FFFFFF\u00bb closed_toggle_background_color=\u00bb#845fb0&#8243; icon_color=\u00bb#FFFFFF\u00bb open_icon_color=\u00bb#845fb0&#8243; _builder_version=\u00bb4.14.8&#8243; _module_preset=\u00bbdefault\u00bb custom_margin=\u00bb-14px||20px|||\u00bb border_radii=\u00bbon|20px|20px|20px|20px\u00bb border_color_all=\u00bb#000000&#8243; global_colors_info=\u00bb{}\u00bb theme_builder_area=\u00bbpost_content\u00bb]<p style=\"text-align: justify;\">El Portal de Becario y el Sistema INTEGRA son las herramientas que la DGOAE te proporciona para solicitar y dar seguimiento al tr\u00e1mite de tu beca, desde el registro de la solicitud hasta el \u00faltimo pago. En ambos sistemas se te informar\u00e1 si la convocatoria a la que quieres aplicar est\u00e1 abierta. Una vez que se publique la convocatoria, te invitamos a leer detalladamente si cumples con los requisitos y los pasos que debes seguir para registrarte. No olvides que para agilizar este proceso debes tener a la mano tu CURP, n\u00famero de cuenta, datos de contacto: un correo que uses frecuentemente, tel\u00e9fono fijo y celular.<\/p>[\/et_pb_toggle][et_pb_toggle title=\u00bb\u00bfEs posible solicitar dos becas al mismo tiempo?\u00bb open_toggle_text_color=\u00bb#845fb0&#8243; open_toggle_background_color=\u00bbrgba(182,164,232,0.37)\u00bb closed_toggle_text_color=\u00bb#FFFFFF\u00bb closed_toggle_background_color=\u00bb#845fb0&#8243; icon_color=\u00bb#FFFFFF\u00bb open_icon_color=\u00bb#845fb0&#8243; _builder_version=\u00bb4.14.8&#8243; _module_preset=\u00bbdefault\u00bb custom_margin=\u00bb-14px||20px|||\u00bb border_radii=\u00bbon|20px|20px|20px|20px\u00bb border_color_all=\u00bb#000000&#8243; global_colors_info=\u00bb{}\u00bb theme_builder_area=\u00bbpost_content\u00bb]<p style=\"text-align: justify;\">S\u00ed, siempre y cuando exista compatibilidad entre ellas, es decir, tengan distintos fines. Para saber si la beca que solicitas es compatible con otra, te sugerimos leer de manera cuidadosa la convocatoria correspondiente a cada una, donde se se\u00f1ala de forma espec\u00edfica esta informaci\u00f3n.<\/p>[\/et_pb_toggle][et_pb_toggle title=\u00bbLa convocatoria de la beca de mi inter\u00e9s se encuentra cerrada pero actualmente aparece en el Portal del Becario UNAM, \u00bfpor qu\u00e9? \u00bb open_toggle_text_color=\u00bb#845fb0&#8243; open_toggle_background_color=\u00bbrgba(182,164,232,0.37)\u00bb closed_toggle_text_color=\u00bb#FFFFFF\u00bb closed_toggle_background_color=\u00bb#845fb0&#8243; icon_color=\u00bb#FFFFFF\u00bb open_icon_color=\u00bb#845fb0&#8243; _builder_version=\u00bb4.14.8&#8243; _module_preset=\u00bbdefault\u00bb custom_margin=\u00bb-14px||20px|||\u00bb border_radii=\u00bbon|20px|20px|20px|20px\u00bb border_color_all=\u00bb#000000&#8243; global_colors_info=\u00bb{}\u00bb theme_builder_area=\u00bbpost_content\u00bb]<p style=\"text-align: justify;\">La DGOAE pone a tu alcance las convocatorias incluso si ya cerraron su periodo de registro para que, al consultarlas, te des una idea de los requisitos y procesos de inscripci\u00f3n de cada beca y te prepares para la siguiente apertura de registros.\u00a0<\/p>[\/et_pb_toggle][et_pb_toggle title=\u00bb\u00bfEs posible cancelar la beca que me fue otorgada e inmediatamente inscribirme a otra?\u00bb open_toggle_text_color=\u00bb#845fb0&#8243; open_toggle_background_color=\u00bbrgba(182,164,232,0.37)\u00bb closed_toggle_text_color=\u00bb#FFFFFF\u00bb closed_toggle_background_color=\u00bb#845fb0&#8243; icon_color=\u00bb#FFFFFF\u00bb open_icon_color=\u00bb#845fb0&#8243; _builder_version=\u00bb4.14.8&#8243; _module_preset=\u00bbdefault\u00bb custom_margin=\u00bb-14px||20px|||\u00bb border_radii=\u00bbon|20px|20px|20px|20px\u00bb border_color_all=\u00bb#000000&#8243; global_colors_info=\u00bb{}\u00bb theme_builder_area=\u00bbpost_content\u00bb]<p style=\"text-align: justify;\">S\u00ed, es posible cancelar una beca, sin embargo, el tiempo en el que puedas solicitar otra depender\u00e1 de la Direcci\u00f3n General de Orientaci\u00f3n y Atenci\u00f3n Educativa (DGOAE) ya que es a esa entidad a la que deber\u00e1s de dirigir tu solicitud de cancelaci\u00f3n a trav\u00e9s de los correos por modalidad de beca; deber\u00e1 de cambiar tu estatus a <em>cancelada<\/em> para que el sistema te arroje las convocatorias abiertas.<\/p>[\/et_pb_toggle][et_pb_toggle title=\u00bb\u00bfEs posible cancelar una solicitud de beca e inmediatamente postularse a otra? (portal de INTEGRA) \u00bb open_toggle_text_color=\u00bb#845fb0&#8243; open_toggle_background_color=\u00bbrgba(182,164,232,0.37)\u00bb closed_toggle_text_color=\u00bb#FFFFFF\u00bb closed_toggle_background_color=\u00bb#845fb0&#8243; icon_color=\u00bb#FFFFFF\u00bb open_icon_color=\u00bb#845fb0&#8243; _builder_version=\u00bb4.14.8&#8243; _module_preset=\u00bbdefault\u00bb custom_margin=\u00bb-14px||20px|||\u00bb border_radii=\u00bbon|20px|20px|20px|20px\u00bb border_color_all=\u00bb#000000&#8243; global_colors_info=\u00bb{}\u00bb theme_builder_area=\u00bbpost_content\u00bb]<p>S\u00ed, es posible cancelar una solicitud y aplicar de inmediato a otra. Deber\u00e1s tener en cuenta que, despu\u00e9s de cancelar el registro a una beca, este ya no volver\u00e1 a mostrarse disponible, lo anterior, en caso de que consideres volver a solicitarla.<\/p>[\/et_pb_toggle][et_pb_toggle title=\u00bb\u00bfPor qu\u00e9 rechazaron mi solicitud de beca? \u00bb open_toggle_text_color=\u00bb#845fb0&#8243; open_toggle_background_color=\u00bbrgba(182,164,232,0.37)\u00bb closed_toggle_text_color=\u00bb#FFFFFF\u00bb closed_toggle_background_color=\u00bb#845fb0&#8243; icon_color=\u00bb#FFFFFF\u00bb open_icon_color=\u00bb#845fb0&#8243; _builder_version=\u00bb4.14.8&#8243; _module_preset=\u00bbdefault\u00bb custom_margin=\u00bb-14px||20px|||\u00bb border_radii=\u00bbon|20px|20px|20px|20px\u00bb border_color_all=\u00bb#000000&#8243; global_colors_info=\u00bb{}\u00bb theme_builder_area=\u00bbpost_content\u00bb]<p>Es posible que tu perfil no haya cumplido con alguno de los requisitos. Si cumpliste con todos los requisitos, es probable que se deba a la insuficiencia presupuestal.<\/p>[\/et_pb_toggle][et_pb_toggle title=\u00bb\u00bfD\u00f3nde puedo resolver un problema relacionado con el pago de mi beca?\u00bb open_toggle_text_color=\u00bb#845fb0&#8243; open_toggle_background_color=\u00bbrgba(182,164,232,0.37)\u00bb closed_toggle_text_color=\u00bb#FFFFFF\u00bb closed_toggle_background_color=\u00bb#845fb0&#8243; icon_color=\u00bb#FFFFFF\u00bb open_icon_color=\u00bb#845fb0&#8243; _builder_version=\u00bb4.14.8&#8243; _module_preset=\u00bbdefault\u00bb custom_margin=\u00bb-14px||20px|||\u00bb border_radii=\u00bbon|20px|20px|20px|20px\u00bb border_color_all=\u00bb#000000&#8243; global_colors_info=\u00bb{}\u00bb theme_builder_area=\u00bbpost_content\u00bb]<p style=\"text-align: justify;\">Todos los procesos relacionados al pago de las becas son ajenos a la Facultad de Medicina, por lo que para dar soluci\u00f3n a tu problema ser\u00e1 necesario contactar a la Direcci\u00f3n General de Orientaci\u00f3n y Atenci\u00f3n Educativa (DGOAE) a trav\u00e9s de los correos por modalidad de beca.<\/p>[\/et_pb_toggle][\/et_pb_column][\/et_pb_row][et_pb_row _builder_version=\u00bb4.14.7&#8243; _module_preset=\u00bbdefault\u00bb global_colors_info=\u00bb{}\u00bb theme_builder_area=\u00bbpost_content\u00bb][et_pb_column type=\u00bb4_4&#8243; _builder_version=\u00bb4.14.7&#8243; _module_preset=\u00bbdefault\u00bb global_colors_info=\u00bb{}\u00bb theme_builder_area=\u00bbpost_content\u00bb][et_pb_text _builder_version=\u00bb4.14.8&#8243; _module_preset=\u00bbdefault\u00bb global_colors_info=\u00bb{}\u00bb theme_builder_area=\u00bbpost_content\u00bb]<p><span style=\"color: #000000;\"><strong>SOBRE INTEGRA<\/strong><\/span><\/p>[\/et_pb_text][et_pb_toggle title=\u00bb\u00bfC\u00f3mo cambio el correo que registr\u00e9 en INTEGRA?\u00bb open_toggle_text_color=\u00bb#12876f\u00bb open_toggle_background_color=\u00bb#9fe0c3&#8243; closed_toggle_text_color=\u00bb#FFFFFF\u00bb closed_toggle_background_color=\u00bb#1cc99b\u00bb icon_color=\u00bb#FFFFFF\u00bb open_icon_color=\u00bb#1cc99b\u00bb _builder_version=\u00bb4.14.8&#8243; _module_preset=\u00bbdefault\u00bb title_text_color=\u00bb#12876F\u00bb custom_margin=\u00bb-14px|||||\u00bb border_radii=\u00bbon|20px|20px|20px|20px\u00bb border_color_all=\u00bb#000000&#8243; global_colors_info=\u00bb{}\u00bb theme_builder_area=\u00bbpost_content\u00bb]<p style=\"text-align: justify;\">Solo los responsables de becas en los planteles podr\u00e1n realizar cambio de correos de estudiantes, \u00fanicamente cuando estos tengan al menos una solicitud de beca relacionada con su plantel. Si a\u00fan no realizas ninguna solicitud de beca, ser\u00e1 necesario solicitar el cambio al jefe de departamento de la beca en cuesti\u00f3n a trav\u00e9s del correo por modalidad de beca.<\/p>[\/et_pb_toggle][et_pb_toggle title=\u00bb\u00bfPor qu\u00e9 no me aparecen las becas disponibles en mi cuenta de INTEGRA? \u00bb open_toggle_text_color=\u00bb#12876f\u00bb open_toggle_background_color=\u00bb#9fe0c3&#8243; closed_toggle_text_color=\u00bb#FFFFFF\u00bb closed_toggle_background_color=\u00bb#1cc99b\u00bb icon_color=\u00bb#FFFFFF\u00bb open_icon_color=\u00bb#1cc99b\u00bb _builder_version=\u00bb4.14.8&#8243; _module_preset=\u00bbdefault\u00bb title_text_color=\u00bb#12876F\u00bb custom_margin=\u00bb-14px|||||\u00bb border_radii=\u00bbon|20px|20px|20px|20px\u00bb border_color_all=\u00bb#000000&#8243; global_colors_info=\u00bb{}\u00bb theme_builder_area=\u00bbpost_content\u00bb]<p style=\"text-align: justify;\">El sistema realiza validaciones y te muestra las convocatorias disponibles dependiendo del nivel, plantel, carrera, as\u00ed como otros requisitos de la convocatoria. As\u00ed mismo, depender\u00e1 de tu estatus, si tienes una beca <em>aceptada <\/em>no ser\u00e1 posible que visualices las convocatorias abiertas.<\/p>[\/et_pb_toggle][\/et_pb_column][\/et_pb_row][et_pb_row _builder_version=\u00bb4.14.7&#8243; _module_preset=\u00bbdefault\u00bb global_colors_info=\u00bb{}\u00bb theme_builder_area=\u00bbpost_content\u00bb][et_pb_column type=\u00bb4_4&#8243; _builder_version=\u00bb4.14.7&#8243; _module_preset=\u00bbdefault\u00bb global_colors_info=\u00bb{}\u00bb theme_builder_area=\u00bbpost_content\u00bb][et_pb_text _builder_version=\u00bb4.14.8&#8243; _module_preset=\u00bbdefault\u00bb global_colors_info=\u00bb{}\u00bb theme_builder_area=\u00bbpost_content\u00bb]<p><span style=\"color: #000000;\"><strong>SOBRE EL SUBES<\/strong><\/span><\/p>[\/et_pb_text][et_pb_toggle title=\u00bb\u00bfCu\u00e1l es el proceso de activaci\u00f3n de mi ficha escolar?\u00bb open_toggle_text_color=\u00bb#E09900&#8243; open_toggle_background_color=\u00bb#FFE8CC\u00bb closed_toggle_text_color=\u00bb#FFFFFF\u00bb closed_toggle_background_color=\u00bb#FC9569&#8243; icon_color=\u00bb#FFFFFF\u00bb open_icon_color=\u00bb#fc9569&#8243; _builder_version=\u00bb4.14.8&#8243; _module_preset=\u00bbdefault\u00bb custom_margin=\u00bb-14px|||||\u00bb border_radii=\u00bbon|20px|20px|20px|20px\u00bb border_color_all=\u00bb#000000&#8243; global_colors_info=\u00bb{}\u00bb theme_builder_area=\u00bbpost_content\u00bb]<p style=\"text-align: justify;\">La Direcci\u00f3n General de Orientaci\u00f3n y Atenci\u00f3n Educativa (DGOAE) es la responsable de cargar las fichas de informaci\u00f3n escolar, proceso que se realiza cada semestre de manera programada posterior al periodo de altas, bajas y cambios; esto se realiza de manera manual y autom\u00e1tica, es decir, que no es necesario que t\u00fa intervengas, te solicitamos esperar de manera paciente.<\/p>[\/et_pb_toggle][et_pb_toggle title=\u00bb\u00bfSi alguno de mis datos en el SUBES es incorrecto puedo activar mi ficha? \u00bb open_toggle_text_color=\u00bb#E09900&#8243; open_toggle_background_color=\u00bb#FFE8CC\u00bb closed_toggle_text_color=\u00bb#FFFFFF\u00bb closed_toggle_background_color=\u00bb#FC9569&#8243; icon_color=\u00bb#FFFFFF\u00bb open_icon_color=\u00bb#fc9569&#8243; _builder_version=\u00bb4.14.8&#8243; _module_preset=\u00bbdefault\u00bb custom_margin=\u00bb-14px|||||\u00bb border_radii=\u00bbon|20px|20px|20px|20px\u00bb border_color_all=\u00bb#000000&#8243; global_colors_info=\u00bb{}\u00bb theme_builder_area=\u00bbpost_content\u00bb]<p style=\"text-align: justify;\">No, es importante que cuando te registres en el SUBES verifiques que tus datos acad\u00e9micos sean correctos; si tienes un dato equivocado, no actives la ficha escolar, y acude a las oficinas de la DGOAE para corregir el error, llevando tu historial acad\u00e9mico y tu CURP impresos.<\/p>[\/et_pb_toggle][et_pb_toggle title=\u00bbSoy alumno de primer a\u00f1o y en el SUBES, en el apartado de mi promedio, aparece una calificaci\u00f3n que no reconozco como m\u00eda o la leyenda \u201csin promedio\u201d, \u00bfa qu\u00e9 se debe esto?\u00bb open_toggle_text_color=\u00bb#E09900&#8243; open_toggle_background_color=\u00bb#FFE8CC\u00bb closed_toggle_text_color=\u00bb#FFFFFF\u00bb closed_toggle_background_color=\u00bb#FC9569&#8243; icon_color=\u00bb#FFFFFF\u00bb open_icon_color=\u00bb#fc9569&#8243; _builder_version=\u00bb4.14.8&#8243; _module_preset=\u00bbdefault\u00bb custom_margin=\u00bb-14px|||||\u00bb border_radii=\u00bbon|20px|20px|20px|20px\u00bb border_color_all=\u00bb#000000&#8243; global_colors_info=\u00bb{}\u00bb theme_builder_area=\u00bbpost_content\u00bb]<p style=\"text-align: justify;\">Esto es debido a que eres alumno de primer a\u00f1o de la licenciatura y no cuentas a\u00fan con un promedio de licenciatura de manera oficial constatado en actas. La Direcci\u00f3n General de Orientaci\u00f3n y Atenci\u00f3n Educativa (DGOAE) coloca una calificaci\u00f3n por default (8) para que tengas la posibilidad de aplicar para alguna de las convocatorias. Durante el primer a\u00f1o de la licenciatura, tal como se se\u00f1ala en las convocatorias, el promedio no interfiere en tu solicitud.<\/p>[\/et_pb_toggle][\/et_pb_column][\/et_pb_row][et_pb_row _builder_version=\u00bb4.14.7&#8243; _module_preset=\u00bbdefault\u00bb global_colors_info=\u00bb{}\u00bb theme_builder_area=\u00bbpost_content\u00bb][et_pb_column type=\u00bb4_4&#8243; _builder_version=\u00bb4.14.7&#8243; _module_preset=\u00bbdefault\u00bb global_colors_info=\u00bb{}\u00bb theme_builder_area=\u00bbpost_content\u00bb][et_pb_text _builder_version=\u00bb4.14.8&#8243; _module_preset=\u00bbdefault\u00bb global_colors_info=\u00bb{}\u00bb theme_builder_area=\u00bbpost_content\u00bb]<p><span style=\"color: #000000;\"><strong>DE CONTACTO<\/strong><\/span><\/p>[\/et_pb_text][et_pb_toggle title=\u00bb\u00bfA qu\u00e9 correo puedo escribir si tengo dudas espec\u00edficas de mi beca?\u00bb open_toggle_text_color=\u00bb#0C71C3&#8243; open_toggle_background_color=\u00bb#d2dcf7&#8243; closed_toggle_text_color=\u00bb#FFFFFF\u00bb closed_toggle_background_color=\u00bb#7c97ef\u00bb icon_color=\u00bb#FFFFFF\u00bb open_icon_color=\u00bb#7c97ef\u00bb _builder_version=\u00bb4.14.8&#8243; _module_preset=\u00bbdefault\u00bb custom_margin=\u00bb-14px|||||\u00bb border_radii=\u00bbon|20px|20px|20px|20px\u00bb global_colors_info=\u00bb{}\u00bb theme_builder_area=\u00bbpost_content\u00bb]<p>Cada modalidad de beca cuenta con un correo de atenci\u00f3n, los cuales aparecen al final de esta p\u00e1gina o al ingresar al Portal del Becario UNAM (<a href=\"http:\/\/www.becarios.unam.mx\">www.becarios.unam.mx<\/a>).<\/p>[\/et_pb_toggle][et_pb_toggle title=\u00bb\u00bfD\u00f3nde se ubica la DGOAE y cu\u00e1l es su horario de atenci\u00f3n?\u00bb open_toggle_text_color=\u00bb#0C71C3&#8243; open_toggle_background_color=\u00bb#d2dcf7&#8243; closed_toggle_text_color=\u00bb#FFFFFF\u00bb closed_toggle_background_color=\u00bb#7c97ef\u00bb icon_color=\u00bb#FFFFFF\u00bb open_icon_color=\u00bb#7c97ef\u00bb _builder_version=\u00bb4.14.8&#8243; _module_preset=\u00bbdefault\u00bb custom_margin=\u00bb-14px|||||\u00bb border_radii=\u00bbon|20px|20px|20px|20px\u00bb global_colors_info=\u00bb{}\u00bb theme_builder_area=\u00bbpost_content\u00bb]<p style=\"text-align: justify;\">La DGOAE se encuentra ubicada a un costado de la Facultad de Arquitectura, en las islas de C.U. y su horario de atenci\u00f3n es de 9:00 a 15:00 horas y de 17:00 a 19:30 horas, de lunes a viernes. Ingresa al siguiente enlace para conocer la ubicaci\u00f3n precisa: <a href=\"https:\/\/bit.ly\/3bnJUc9\">https:\/\/bit.ly\/3bnJUc9<\/a><\/p>[\/et_pb_toggle][et_pb_toggle title=\u00bb\u00bfD\u00f3nde se ubica el \u00e1rea de Becas y Programas de Apoyo de la Facultad de Medicina y cu\u00e1l es su horario de atenci\u00f3n?\u00bb open_toggle_text_color=\u00bb#0C71C3&#8243; open_toggle_background_color=\u00bb#d2dcf7&#8243; closed_toggle_text_color=\u00bb#FFFFFF\u00bb closed_toggle_background_color=\u00bb#7c97ef\u00bb icon_color=\u00bb#FFFFFF\u00bb open_icon_color=\u00bb#7c97ef\u00bb _builder_version=\u00bb4.14.8&#8243; _module_preset=\u00bbdefault\u00bb custom_margin=\u00bb-14px|||||\u00bb border_radii=\u00bbon|20px|20px|20px|20px\u00bb global_colors_info=\u00bb{}\u00bb theme_builder_area=\u00bbpost_content\u00bb]<p style=\"text-align: justify;\">Nuestra oficina se encuentra en el 1er. Piso del edificio B de la Facultad de Medicina y el horario de atenci\u00f3n es de 09:30 a 15:00 horas y de 17:00 a 18:00 horas.<\/p>[\/et_pb_toggle][et_pb_toggle title=\u00bb\u00bfCu\u00e1l es el correo de atenci\u00f3n del \u00e1rea de Becas y Programas de Atenci\u00f3n de la Facultad de Medicina?\u00bb open_toggle_text_color=\u00bb#0C71C3&#8243; open_toggle_background_color=\u00bb#d2dcf7&#8243; closed_toggle_text_color=\u00bb#FFFFFF\u00bb closed_toggle_background_color=\u00bb#7c97ef\u00bb icon_color=\u00bb#FFFFFF\u00bb open_icon_color=\u00bb#7c97ef\u00bb _builder_version=\u00bb4.14.8&#8243; _module_preset=\u00bbdefault\u00bb custom_margin=\u00bb-14px|||||\u00bb border_radii=\u00bbon|20px|20px|20px|20px\u00bb global_colors_info=\u00bb{}\u00bb theme_builder_area=\u00bbpost_content\u00bb]<p style=\"text-align: justify;\">Comun\u00edcate con nosotros a trav\u00e9s del correo <a href=\"mailto:becas.fm@unam.mx\">becas.fm@unam.mx<\/a>, no olvides mencionar tu nombre y n\u00famero de cuenta UNAM.<\/p>[\/et_pb_toggle][\/et_pb_column][\/et_pb_row][\/et_pb_section]\n","protected":false},"excerpt":{"rendered":"<p>PREGUNTAS FRECUENTES \u00c1rea de Becas y Programas de ApoyoASUNTOS GENERALESLas distintas convocatorias se comienzan a publicar, en su mayor\u00eda, a finales de agosto, sin embargo, en ocasiones se llegan a publicar en otras fechas del a\u00f1o dependiendo del presupuesto de cada una. Te sugerimos revisar los portales de manera peri\u00f3dica.En la secci\u00f3n de Convocatorias del [&hellip;]<\/p>\n","protected":false},"author":2,"featured_media":0,"parent":0,"menu_order":0,"comment_status":"closed","ping_status":"closed","template":"","meta":{"_et_pb_use_builder":"on","_et_pb_old_content":"","_et_gb_content_width":"","footnotes":""},"class_list":["post-1258","page","type-page","status-publish","hentry"],"jetpack_sharing_enabled":true,"_links":{"self":[{"href":"https:\/\/csc.facmed.unam.mx\/index.php\/wp-json\/wp\/v2\/pages\/1258","targetHints":{"allow":["GET"]}}],"collection":[{"href":"https:\/\/csc.facmed.unam.mx\/index.php\/wp-json\/wp\/v2\/pages"}],"about":[{"href":"https:\/\/csc.facmed.unam.mx\/index.php\/wp-json\/wp\/v2\/types\/page"}],"author":[{"embeddable":true,"href":"https:\/\/csc.facmed.unam.mx\/index.php\/wp-json\/wp\/v2\/users\/2"}],"replies":[{"embeddable":true,"href":"https:\/\/csc.facmed.unam.mx\/index.php\/wp-json\/wp\/v2\/comments?post=1258"}],"version-history":[{"count":5,"href":"https:\/\/csc.facmed.unam.mx\/index.php\/wp-json\/wp\/v2\/pages\/1258\/revisions"}],"predecessor-version":[{"id":1275,"href":"https:\/\/csc.facmed.unam.mx\/index.php\/wp-json\/wp\/v2\/pages\/1258\/revisions\/1275"}],"wp:attachment":[{"href":"https:\/\/csc.facmed.unam.mx\/index.php\/wp-json\/wp\/v2\/media?parent=1258"}],"curies":[{"name":"wp","href":"https:\/\/api.w.org\/{rel}","templated":true}]}}