{"id":1154,"date":"2022-04-26T21:34:38","date_gmt":"2022-04-26T21:34:38","guid":{"rendered":"https:\/\/csc.facmed.unam.mx\/?page_id=1154"},"modified":"2026-03-24T16:32:22","modified_gmt":"2026-03-24T16:32:22","slug":"comunidad-solidaria-saludable","status":"publish","type":"page","link":"https:\/\/csc.facmed.unam.mx\/index.php\/comunidad-solidaria-saludable\/","title":{"rendered":"Comunidad solidaria saludable"},"content":{"rendered":"<p>[et_pb_section fb_built=\u00bb1&#8243; fullwidth=\u00bbon\u00bb _builder_version=\u00bb4.22.1&#8243; _module_preset=\u00bbdefault\u00bb global_colors_info=\u00bb{}\u00bb][et_pb_fullwidth_image src=\u00bbhttps:\/\/csc.facmed.unam.mx\/wp-content\/uploads\/2026\/03\/17.png\u00bb title_text=\u00bb17&#8243; src_tablet=\u00bbhttps:\/\/csc.facmed.unam.mx\/wp-content\/uploads\/2025\/06\/PSS-NLogo-scaled.png\u00bb src_phone=\u00bbhttps:\/\/csc.facmed.unam.mx\/wp-content\/uploads\/2025\/06\/PSS-NLogo-scaled.png\u00bb src_last_edited=\u00bbon|phone\u00bb _builder_version=\u00bb4.22.1&#8243; _module_preset=\u00bbdefault\u00bb global_colors_info=\u00bb{}\u00bb][\/et_pb_fullwidth_image][\/et_pb_section][et_pb_section fb_built=\u00bb1&#8243; _builder_version=\u00bb4.16&#8243; _module_preset=\u00bbdefault\u00bb custom_margin=\u00bb35px|||||\u00bb custom_padding=\u00bb0px|||||\u00bb global_colors_info=\u00bb{}\u00bb][et_pb_row disabled_on=\u00bboff|off|off\u00bb _builder_version=\u00bb4.16&#8243; _module_preset=\u00bbdefault\u00bb custom_margin=\u00bb-29px|auto||auto||\u00bb global_colors_info=\u00bb{}\u00bb][et_pb_column type=\u00bb4_4&#8243; _builder_version=\u00bb4.16&#8243; _module_preset=\u00bbdefault\u00bb global_colors_info=\u00bb{}\u00bb][et_pb_image src=\u00bbhttps:\/\/csc.facmed.unam.mx\/wp-content\/uploads\/2022\/06\/Programa-de-SS-com.png\u00bb disabled_on=\u00bboff|on|on\u00bb _builder_version=\u00bb4.16&#8243; _module_preset=\u00bbdefault\u00bb background_enable_color=\u00bboff\u00bb transform_scale=\u00bb110%|110%\u00bb custom_margin=\u00bb0px||||false|false\u00bb custom_padding=\u00bb0px|0px||0px|false|false\u00bb border_radii=\u00bbon|150px|150px|150px|150px\u00bb border_width_all=\u00bb13px\u00bb border_color_all=\u00bb#00457A\u00bb box_shadow_style=\u00bbpreset3&#8243; global_colors_info=\u00bb{}\u00bb][\/et_pb_image][et_pb_text _builder_version=\u00bb4.16&#8243; _module_preset=\u00bbdefault\u00bb custom_margin=\u00bb24px|||||\u00bb global_colors_info=\u00bb{}\u00bb]<\/p>\n<p style=\"text-align: justify;\"><span style=\"font-size: 14px;\"><strong>\u201cComunidad Solidaria UNAM\u201d<\/strong>, es un\u00a0programa de\u00a0<\/span><span style=\"font-size: 14px;\">cursos en <strong>Primeros Auxilios B\u00e1sicos y Avanzados<\/strong>, en diversas sedes, escuelas y facultades de la UNAM, enfocados para la formaci\u00f3n de un Primer Respondiente, el cu\u00e1l pueda servir como recurso de intervenci\u00f3n en casos de desastres o emergencias y para la formaci\u00f3n de <strong>brigadas multidisciplinarias<\/strong> que puedan auxiliar en caso de un siniestro.<\/span><\/p>\n<p style=\"text-align: justify;\"><span style=\"font-weight: 400;\"><\/span><\/p>\n<p style=\"text-align: justify;\"><span style=\"font-weight: 400;\"><strong>\u201cComunidad Saludable UNAM\u201d<\/strong>, es un programa de participaci\u00f3n en proyectos, talleres, campa\u00f1as y\/o acciones dirigidas al <strong>mejoramiento psicosocial, deportivo y acad\u00e9mico<\/strong> de la Comunidad de la Facultad de Medicina (estudiantes, acad\u00e9micos y administrativos) y de la UNAM, favoreciendo la mejora en su calidad de vida y avanzando en la construcci\u00f3n de entornos saludables, promoviendo la<strong> salud integral de la comunidad universitaria<\/strong> para favorecer estilos de vida saludables.<\/span><\/p>\n<p style=\"text-align: right;\"><span style=\"font-weight: 400;\"><strong><\/strong><\/span><\/p>\n<p style=\"text-align: right;\"><span style=\"font-weight: 400;\"><strong>* Modalidad del Servicio Social: <\/strong>Programas Universitarios.<\/span><\/p>\n<p style=\"text-align: justify;\">\n<p>[\/et_pb_text][et_pb_toggle title=\u00bbPrograma de Servicio Social \u201cComunidad Solidaria &#8211; Saludable UNAM\u201d\u00bb open_toggle_text_color=\u00bb#061889&#8243; open_toggle_background_color=\u00bbrgba(255,255,255,0.87)\u00bb closed_toggle_background_color=\u00bb#247bc1&#8243; icon_color=\u00bb#FFFFFF\u00bb open_icon_color=\u00bb#0C71C3&#8243; _builder_version=\u00bb4.22.1&#8243; _module_preset=\u00bbdefault\u00bb title_text_color=\u00bb#FFFFFF\u00bb closed_title_font=\u00bb|700|||||||\u00bb custom_margin=\u00bb||13px|||\u00bb animation_style=\u00bbbounce\u00bb border_radii=\u00bbon|20px|20px|20px|20px\u00bb border_color_all=\u00bb#0C71C3&#8243; locked=\u00bboff\u00bb global_colors_info=\u00bb{}\u00bb]<\/p>\n<p><span style=\"font-weight: 400; color: #808080;\">\u00a0Las principales actividades que realizan los<strong> M\u00e9dicos Pasantes<\/strong> en este programa de Servicio Social son:<\/span><\/p>\n<p><span style=\"color: #808080;\">\u00a0<\/span><\/p>\n<ul>\n<li style=\"font-weight: 400;\" aria-level=\"1\"><span class=\"a_GcMg font-feature-liga-off font-feature-clig-off font-feature-calt-off text-decoration-none text-strikethrough-none\">Brindar atenci\u00f3n m\u00e9dica y psicol\u00f3gica de primer contacto para la comunidad de esta Facultad y comunidad universitaria en general en el \u00c1rea de Primer Contacto Integral (APCI).<\/span><\/li>\n<li style=\"font-weight: 400;\" aria-level=\"1\"><span style=\"font-weight: 400; color: #808080;\">Apoyar en labores de seguimiento, supervisi\u00f3n, prevenci\u00f3n, control y registro realizadas por el Responsable Sanitario de la Facultad de Medicina de la UNAM.<\/span><\/li>\n<li style=\"font-weight: 400;\" aria-level=\"1\"><span style=\"font-weight: 400; color: #808080;\">Elaboraci\u00f3n y desarrollo de materiales did\u00e1cticos e informativos para los contenidos de los<strong> cursos de Primeros Auxilios B\u00e1sico y Avanzado<\/strong> para el Primer Respondiente as\u00ed como capacitaci\u00f3n y evaluaci\u00f3n de los voluntarios que participen en los cursos de Primeros Auxilios para su integraci\u00f3n de las brigadas de \u201cComunidad Solidaria UNAM\u201d.<\/span><\/li>\n<\/ul>\n<p>[\/et_pb_toggle][et_pb_toggle title=\u00bbDesarr\u00f3llate como capacitador FacMed UNAM\u00bb open_toggle_text_color=\u00bb#063889&#8243; open_toggle_background_color=\u00bbrgba(255,255,255,0.87)\u00bb closed_toggle_background_color=\u00bb#24A2C2&#8243; icon_color=\u00bb#FFFFFF\u00bb open_icon_color=\u00bb#0C71C3&#8243; _builder_version=\u00bb4.16&#8243; _module_preset=\u00bbdefault\u00bb title_text_color=\u00bb#FFFFFF\u00bb closed_title_font=\u00bb|700|||||||\u00bb custom_margin=\u00bb||13px|||\u00bb animation_style=\u00bbbounce\u00bb border_radii=\u00bbon|20px|20px|20px|20px\u00bb border_color_all=\u00bb#0DA0C5&#8243; locked=\u00bboff\u00bb global_colors_info=\u00bb{}\u00bb]<\/p>\n<p><span style=\"color: #808080;\"><span class=\"a_GcMg font-feature-liga-off font-feature-clig-off font-feature-calt-off text-decoration-none text-strikethrough-none\">El programa de Servicio Social Comunidad Solidaria-Saludable, surge por la necesidad de preparar brigadistas que puedan atender de forma asertiva y r\u00e1pida en situaciones de emergencia, adem\u00e1s de fomentar la prevenci\u00f3n primaria. <\/span>Aprende a dise\u00f1ar<strong>\u00a0<\/strong><span style=\"font-weight: 400; color: #808080;\">materiales did\u00e1cticos e informativos para los contenidos de los<strong> cursos de Primeros Auxilios B\u00e1sico y Avanzado<\/strong> para el Primer Respondiente. As\u00ed mismo, capacita y evalua a los voluntarios que participen en los cursos de Primeros Auxilios.<\/span>\u00a0<\/span><span style=\"font-weight: 400; color: #808080;\"><\/span><\/p>\n<p><span style=\"font-weight: 400; color: #808080;\"><\/span><\/p>\n<p>[\/et_pb_toggle][et_pb_toggle title=\u00bbApoya a tu Comunidad estudiantil FacMed UNAM\u00bb open_toggle_text_color=\u00bb#063889&#8243; open_toggle_background_color=\u00bbrgba(255,255,255,0.87)\u00bb closed_toggle_background_color=\u00bb#88C4DD\u00bb icon_color=\u00bb#FFFFFF\u00bb open_icon_color=\u00bb#0C71C3&#8243; _builder_version=\u00bb4.16&#8243; _module_preset=\u00bbdefault\u00bb title_text_color=\u00bb#FFFFFF\u00bb closed_title_font=\u00bb|700|||||||\u00bb custom_margin=\u00bb||13px|||\u00bb animation_style=\u00bbbounce\u00bb border_radii=\u00bbon|20px|20px|20px|20px\u00bb border_color_all=\u00bb#88C4DD\u00bb locked=\u00bboff\u00bb global_colors_info=\u00bb{}\u00bb]<\/p>\n<h5 class=\"et_pb_toggle_title et-fb-editable-element et-fb-editable-element__editing et-fb-editable-element et-fb-editable-element et-fb-editable-element__editing\" data-shortcode-id=\"1.1.0.1.2-1651088501803\" data-quickaccess-id=\"toggle\" data-quickaccess-order=\"1\" contenteditable=\"true\"><span style=\"font-size: 14px; color: #666666;\">Realiza actividades para los<strong> alumnos de nuevo ingreso, acad\u00e9micos y p\u00fablico en general,<\/strong> como son:<\/span><\/h5>\n<p>&nbsp;<\/p>\n<ul>\n<li style=\"font-weight: 400;\" aria-level=\"1\"><span style=\"font-weight: 400;\">La Jornada de Integraci\u00f3n.<\/span><\/li>\n<li style=\"font-weight: 400;\" aria-level=\"1\"><span style=\"font-weight: 400;\">La Feria del Libro.<\/span><\/li>\n<li style=\"font-weight: 400;\" aria-level=\"1\"><span style=\"font-weight: 400;\">La Muestra Educativa de la Salud y el Amor.<\/span><\/li>\n<li style=\"font-weight: 400;\" aria-level=\"1\"><span style=\"font-weight: 400;\">El festival de Ciencia y Arte.<\/span><\/li>\n<li style=\"font-weight: 400;\" aria-level=\"1\"><span style=\"font-weight: 400;\">El d\u00eda del M\u00e9dico.<\/span><\/li>\n<li style=\"font-weight: 400;\" aria-level=\"1\"><span style=\"font-weight: 400;\">El DONAT\u00d3N.<\/span><\/li>\n<\/ul>\n<p>[\/et_pb_toggle][et_pb_slider _builder_version=\u00bb4.16&#8243; _module_preset=\u00bbdefault\u00bb custom_margin=\u00bb32px|||||\u00bb auto=\u00bbon\u00bb auto_speed=\u00bb3000&#8243; border_radii=\u00bbon|20px|20px|20px|20px\u00bb global_colors_info=\u00bb{}\u00bb][et_pb_slide _builder_version=\u00bb4.16&#8243; _module_preset=\u00bbdefault\u00bb background_image=\u00bbhttps:\/\/csc.facmed.unam.mx\/wp-content\/uploads\/2022\/04\/IMG_1713-scaled.jpg\u00bb background_enable_image=\u00bbon\u00bb border_radii_image=\u00bbon|5px|5px|5px|5px\u00bb global_colors_info=\u00bb{}\u00bb sticky_transition=\u00bbon\u00bb][\/et_pb_slide][et_pb_slide _builder_version=\u00bb4.16&#8243; _module_preset=\u00bbdefault\u00bb background_image=\u00bbhttps:\/\/csc.facmed.unam.mx\/wp-content\/uploads\/2022\/04\/IMG_1766-scaled.jpg\u00bb background_enable_image=\u00bbon\u00bb global_colors_info=\u00bb{}\u00bb sticky_transition=\u00bbon\u00bb][\/et_pb_slide][et_pb_slide _builder_version=\u00bb4.16&#8243; _module_preset=\u00bbdefault\u00bb background_image=\u00bbhttps:\/\/csc.facmed.unam.mx\/wp-content\/uploads\/2022\/04\/1.jpg\u00bb background_enable_image=\u00bbon\u00bb global_colors_info=\u00bb{}\u00bb sticky_transition=\u00bbon\u00bb]<\/p>\n<p>&nbsp;<\/p>\n<p>&nbsp;<\/p>\n<p>&nbsp;<\/p>\n<p>&nbsp;<\/p>\n<p>&nbsp;<\/p>\n<p>&nbsp;<\/p>\n<p>[\/et_pb_slide][et_pb_slide use_bg_overlay=\u00bbon\u00bb bg_overlay_color=\u00bbrgba(0,0,0,0.14)\u00bb _builder_version=\u00bb4.16&#8243; _module_preset=\u00bbdefault\u00bb background_enable_color=\u00bboff\u00bb background_image=\u00bbhttps:\/\/csc.facmed.unam.mx\/wp-content\/uploads\/2022\/04\/IMG_1717-scaled.jpg\u00bb background_enable_image=\u00bbon\u00bb background_enable_video_mp4=\u00bboff\u00bb global_colors_info=\u00bb{}\u00bb sticky_transition=\u00bbon\u00bb][\/et_pb_slide][\/et_pb_slider][\/et_pb_column][\/et_pb_row][\/et_pb_section][et_pb_section fb_built=\u00bb1&#8243; _builder_version=\u00bb4.22.1&#8243; _module_preset=\u00bbdefault\u00bb global_colors_info=\u00bb{}\u00bb][et_pb_row column_structure=\u00bb1_3,1_3,1_3&#8243; _builder_version=\u00bb4.22.1&#8243; _module_preset=\u00bbdefault\u00bb global_colors_info=\u00bb{}\u00bb][et_pb_column type=\u00bb1_3&#8243; _builder_version=\u00bb4.22.1&#8243; _module_preset=\u00bbdefault\u00bb global_colors_info=\u00bb{}\u00bb][et_pb_text _builder_version=\u00bb4.22.1&#8243; _module_preset=\u00bbdefault\u00bb global_colors_info=\u00bb{}\u00bb]<\/p>\n<p><strong>APCI &#8211; \u00c1rea de Primer Contacto Integral<\/strong><\/p>\n<p><span class=\"a_GcMg font-feature-liga-off font-feature-clig-off font-feature-calt-off text-decoration-none text-strikethrough-none\">Ac\u00e9rcate a APCI si requieres atenci\u00f3n m\u00e9dica y psicol\u00f3gica de primer contacto.\u00a0<\/span><\/p>\n<ul>\n<li><span class=\"a_GcMg font-feature-liga-off font-feature-clig-off font-feature-calt-off text-decoration-none text-strikethrough-none\">APCI Facultad de Medicina (lunes a viernes de 07:00-21:00 horas)<\/span><\/li>\n<li><span class=\"a_GcMg font-feature-liga-off font-feature-clig-off font-feature-calt-off text-decoration-none text-strikethrough-none\">APCI Palacio de Medicina (lunes a domingo de 9:00-18:00 horas)\u00a0<\/span><\/li>\n<\/ul>\n<p>&nbsp;<\/p>\n<p>[\/et_pb_text][\/et_pb_column][et_pb_column type=\u00bb1_3&#8243; _builder_version=\u00bb4.22.1&#8243; _module_preset=\u00bbdefault\u00bb global_colors_info=\u00bb{}\u00bb][et_pb_image src=\u00bbhttps:\/\/csc.facmed.unam.mx\/wp-content\/uploads\/2026\/03\/5-2.png\u00bb _builder_version=\u00bb4.22.1&#8243; _module_preset=\u00bbdefault\u00bb title_text=\u00bb5&#8243; hover_enabled=\u00bb0&#8243; sticky_enabled=\u00bb0&#8243; width=\u00bb84%\u00bb][\/et_pb_image][\/et_pb_column][et_pb_column _builder_version=\u00bb4.22.1&#8243; _module_preset=\u00bbdefault\u00bb type=\u00bb1_3&#8243;][et_pb_image src=\u00bbhttps:\/\/csc.facmed.unam.mx\/wp-content\/uploads\/2026\/03\/6-1.png\u00bb _builder_version=\u00bb4.22.1&#8243; _module_preset=\u00bbdefault\u00bb title_text=\u00bb6&#8243; hover_enabled=\u00bb0&#8243; sticky_enabled=\u00bb0&#8243;][\/et_pb_image][\/et_pb_column][\/et_pb_row][et_pb_row column_structure=\u00bb1_2,1_2&#8243; _builder_version=\u00bb4.22.1&#8243; _module_preset=\u00bbdefault\u00bb global_colors_info=\u00bb{}\u00bb][et_pb_column type=\u00bb1_2&#8243; _builder_version=\u00bb4.22.1&#8243; _module_preset=\u00bbdefault\u00bb global_colors_info=\u00bb{}\u00bb][et_pb_image src=\u00bbdata:image\/svg+xml;base64,PHN2ZyB3aWR0aD0iMTA4MCIgaGVpZ2h0PSI1NDAiIHZpZXdCb3g9IjAgMCAxMDgwIDU0MCIgeG1sbnM9Imh0dHA6Ly93d3cudzMub3JnLzIwMDAvc3ZnIj4KICAgIDxnIGZpbGw9Im5vbmUiIGZpbGwtcnVsZT0iZXZlbm9kZCI+CiAgICAgICAgPHBhdGggZmlsbD0iI0VCRUJFQiIgZD0iTTAgMGgxMDgwdjU0MEgweiIvPgogICAgICAgIDxwYXRoIGQ9Ik00NDUuNjQ5IDU0MGgtOTguOTk1TDE0NC42NDkgMzM3Ljk5NSAwIDQ4Mi42NDR2LTk4Ljk5NWwxMTYuMzY1LTExNi4zNjVjMTUuNjItMTUuNjIgNDAuOTQ3LTE1LjYyIDU2LjU2OCAwTDQ0NS42NSA1NDB6IiBmaWxsLW9wYWNpdHk9Ii4xIiBmaWxsPSIjMDAwIiBmaWxsLXJ1bGU9Im5vbnplcm8iLz4KICAgICAgICA8Y2lyY2xlIGZpbGwtb3BhY2l0eT0iLjA1IiBmaWxsPSIjMDAwIiBjeD0iMzMxIiBjeT0iMTQ4IiByPSI3MCIvPgogICAgICAgIDxwYXRoIGQ9Ik0xMDgwIDM3OXYxMTMuMTM3TDcyOC4xNjIgMTQwLjMgMzI4LjQ2MiA1NDBIMjE1LjMyNEw2OTkuODc4IDU1LjQ0NmMxNS42Mi0xNS42MiA0MC45NDgtMTUuNjIgNTYuNTY4IDBMMTA4MCAzNzl6IiBmaWxsLW9wYWNpdHk9Ii4yIiBmaWxsPSIjMDAwIiBmaWxsLXJ1bGU9Im5vbnplcm8iLz4KICAgIDwvZz4KPC9zdmc+Cg==\u00bb _builder_version=\u00bb4.22.1&#8243; _module_preset=\u00bbdefault\u00bb width=\u00bb70%\u00bb global_colors_info=\u00bb{}\u00bb][\/et_pb_image][\/et_pb_column][et_pb_column type=\u00bb1_2&#8243; _builder_version=\u00bb4.22.1&#8243; _module_preset=\u00bbdefault\u00bb global_colors_info=\u00bb{}\u00bb][et_pb_text _builder_version=\u00bb4.22.1&#8243; _module_preset=\u00bbdefault\u00bb global_colors_info=\u00bb{}\u00bb]<\/p>\n<p style=\"text-align: justify;\"><strong>Curso\/Taller de Primeros Auxilios\u00a0 para comunidad univeristaria<\/strong><\/p>\n<p style=\"text-align: justify;\"><span style=\"font-size: 14px;\">Sesiones te\u00f3rico pr\u00e1cticas que cubrir las siguientes tem\u00e1ticas:\u00a0<\/span><\/p>\n<ul style=\"text-align: justify;\">\n<li><span style=\"font-size: 14px;\"><span><span class=\"a_GcMg\">Manejo y atenci\u00f3n de lesiones y hemorragias exanguinantes.<\/span><\/span><\/span><\/li>\n<li><span style=\"font-size: 14px;\"><span>Alteraciones neurol\u00f3gicas (s\u00edncope, lipotimias, crisis convulsiva y estatus epil\u00e9ptico).<\/span><\/span><\/li>\n<li><span style=\"font-size: 14px;\"><span>T\u00e9cnica y toma de signos vitales.<\/span><\/span><\/li>\n<li><span style=\"font-size: 14px;\"><span>F\u00e9rulas, cabestrillo e inmovilizaciones.<\/span><\/span><\/li>\n<li><span style=\"font-size: 14px;\"><span>Movilizaciones y traslados.<\/span><\/span><\/li>\n<li><span style=\"font-size: 14px;\"><span>Primeros auxilios psicol\u00f3gicos <\/span><\/span><\/li>\n<li><span style=\"font-size: 14px;\"><span>Manejo y atenci\u00f3n de quemaduras.<\/span><\/span><\/li>\n<\/ul>\n<p style=\"text-align: justify;\"><span style=\"font-size: 14px;\">\u00a0<\/span><\/p>\n<p style=\"text-align: justify;\">[\/et_pb_text][\/et_pb_column][\/et_pb_row][\/et_pb_section][et_pb_section fb_built=\u00bb1&#8243; disabled_on=\u00bbon|on|on\u00bb _builder_version=\u00bb4.16&#8243; _module_preset=\u00bbdefault\u00bb background_color=\u00bb#e5eff9&#8243; min_height=\u00bb893px\u00bb custom_margin=\u00bb-60px|||||\u00bb disabled=\u00bbon\u00bb global_colors_info=\u00bb{}\u00bb][et_pb_row column_structure=\u00bb1_2,1_2&#8243; _builder_version=\u00bb4.16&#8243; _module_preset=\u00bbdefault\u00bb global_colors_info=\u00bb{}\u00bb][et_pb_column type=\u00bb1_2&#8243; _builder_version=\u00bb4.16&#8243; _module_preset=\u00bbdefault\u00bb global_colors_info=\u00bb{}\u00bb][et_pb_accordion _builder_version=\u00bb4.16&#8243; _module_preset=\u00bbdefault\u00bb animation_style=\u00bbfold\u00bb global_colors_info=\u00bb{}\u00bb][et_pb_accordion_item title=\u00bbMONITORES DE MUESTREO COVID 19&#8243; open=\u00bbon\u00bb _builder_version=\u00bb4.16&#8243; _module_preset=\u00bbdefault\u00bb global_colors_info=\u00bb{}\u00bb]<\/p>\n<p><span style=\"font-weight: 400;\">Junto con el Coordinador de Servicios a la Comunidad como Responsable Sanitario y miembro del Comit\u00e9 de Expertos COVID-19 de la Facultad de Medicina, brindaras <strong>seguimiento a los casos de alumnos, profesores y trabajadores<\/strong> que han sido reportados como casos sospechosos, confirmados o defunciones por<strong> COVID-19, <\/strong><\/span><span style=\"font-weight: 400;\">supervisando el correcto apego de las medidas sanitarias indicadas por la Comisi\u00f3n Especial COVID-19 de la UNAM y la estrategia <strong>\u201cRegreso Protegido FACMED\u201d.<\/strong><\/span><\/p>\n<p>[\/et_pb_accordion_item][\/et_pb_accordion][et_pb_slider _builder_version=\u00bb4.16&#8243; _module_preset=\u00bbdefault\u00bb auto=\u00bbon\u00bb auto_speed=\u00bb3000&#8243; border_radii=\u00bbon|20px|20px|20px|20px\u00bb global_colors_info=\u00bb{}\u00bb][et_pb_slide _builder_version=\u00bb4.16&#8243; _module_preset=\u00bbdefault\u00bb background_image=\u00bbhttps:\/\/csc.facmed.unam.mx\/wp-content\/uploads\/2022\/04\/Prueba-2.png\u00bb background_enable_image=\u00bbon\u00bb border_radii_image=\u00bbon|5px|5px|5px|5px\u00bb global_colors_info=\u00bb{}\u00bb sticky_transition=\u00bbon\u00bb][\/et_pb_slide][et_pb_slide _builder_version=\u00bb4.16&#8243; _module_preset=\u00bbdefault\u00bb background_image=\u00bbhttps:\/\/csc.facmed.unam.mx\/wp-content\/uploads\/2022\/04\/12.jpg\u00bb background_enable_image=\u00bbon\u00bb global_colors_info=\u00bb{}\u00bb sticky_transition=\u00bbon\u00bb][\/et_pb_slide][et_pb_slide _builder_version=\u00bb4.16&#8243; _module_preset=\u00bbdefault\u00bb background_image=\u00bbhttps:\/\/csc.facmed.unam.mx\/wp-content\/uploads\/2022\/04\/9.jpg\u00bb background_enable_image=\u00bbon\u00bb global_colors_info=\u00bb{}\u00bb sticky_transition=\u00bbon\u00bb][\/et_pb_slide][et_pb_slide _builder_version=\u00bb4.16&#8243; _module_preset=\u00bbdefault\u00bb background_image=\u00bbhttps:\/\/csc.facmed.unam.mx\/wp-content\/uploads\/2022\/04\/7.jpg\u00bb background_enable_image=\u00bbon\u00bb global_colors_info=\u00bb{}\u00bb sticky_transition=\u00bbon\u00bb]<\/p>\n<p>&nbsp;<\/p>\n<p>&nbsp;<\/p>\n<p>&nbsp;<\/p>\n<p>&nbsp;<\/p>\n<p>&nbsp;<\/p>\n<p>&nbsp;<\/p>\n<p>[\/et_pb_slide][\/et_pb_slider][\/et_pb_column][et_pb_column type=\u00bb1_2&#8243; _builder_version=\u00bb4.16&#8243; _module_preset=\u00bbdefault\u00bb global_colors_info=\u00bb{}\u00bb][et_pb_accordion _builder_version=\u00bb4.16&#8243; _module_preset=\u00bbdefault\u00bb animation_style=\u00bbfold\u00bb global_colors_info=\u00bb{}\u00bb][et_pb_accordion_item title=\u00bbMONITOR DE JORNADAS DE INTEGRACI\u00d3N\u00bb open=\u00bbon\u00bb _builder_version=\u00bb4.16&#8243; _module_preset=\u00bbdefault\u00bb global_colors_info=\u00bb{}\u00bb]<\/p>\n<p><span style=\"font-weight: 400;\">En relaci\u00f3n con las acciones dirigidas a los <strong>alumnos de nuevo ingreso<\/strong> para promover la identidad acad\u00e9mica de los estudiantes con la UNAM en lo general, y con la Facultad de Medicina en lo particular, cada a\u00f1o se realizan las <strong>Jornadas de Integraci\u00f3n.\u00a0<\/strong><\/span><\/p>\n<p><span style=\"font-weight: 400;\">Durante esta actividad, apoyaras como monitor de aplicaci\u00f3n de las siguientes evaluaciones:<\/span><\/p>\n<p>&nbsp;<\/p>\n<ol>\n<li><span style=\"font-weight: 400;\"><span style=\"font-weight: 400;\"> <strong>Examen M\u00e9dico Automatizado (EMA)<\/strong> cuyo fin es detectar de manera oportuna a aquellos alumnos de nuevo ingreso que tienen alta vulnerabilidad en su salud, con el fin generar intervenciones oportunas en el <strong>primer nivel de atenci\u00f3n.<\/strong> Dicha prueba valora aspectos relacionados a <strong>adicciones, violencia, embarazo no deseado, infecciones de transmisi\u00f3n sexual, desnutrici\u00f3n y obesidad, entre otros.\n<p><\/strong><\/span><\/span><\/p>\n<p><strong><\/strong><\/p>\n<\/li>\n<li><strong>Examen Diagn\u00f3stico de Conocimientos<\/strong> <span>permite hacer una estimaci\u00f3n del grado de conocimientos de bachillerato con los cuales ingresan los alumnos de nuevo ingreso en <strong>literatura, matem\u00e1ticas, historia de M\u00e9xico y universal, geograf\u00eda, f\u00edsica, qu\u00edmica y biolog\u00eda.<\/strong><\/span><\/li>\n<\/ol>\n<p>[\/et_pb_accordion_item][\/et_pb_accordion][et_pb_slider _builder_version=\u00bb4.16&#8243; _module_preset=\u00bbdefault\u00bb auto=\u00bbon\u00bb auto_speed=\u00bb3000&#8243; border_radii=\u00bbon|20px|20px|20px|20px\u00bb global_colors_info=\u00bb{}\u00bb][et_pb_slide _builder_version=\u00bb4.16&#8243; _module_preset=\u00bbdefault\u00bb background_image=\u00bbhttps:\/\/csc.facmed.unam.mx\/wp-content\/uploads\/2022\/04\/9-2.jpg\u00bb background_enable_image=\u00bbon\u00bb border_radii_image=\u00bbon|5px|5px|5px|5px\u00bb global_colors_info=\u00bb{}\u00bb sticky_transition=\u00bbon\u00bb][\/et_pb_slide][et_pb_slide _builder_version=\u00bb4.16&#8243; _module_preset=\u00bbdefault\u00bb background_image=\u00bbhttps:\/\/csc.facmed.unam.mx\/wp-content\/uploads\/2022\/04\/7-2.jpg\u00bb background_enable_image=\u00bbon\u00bb global_colors_info=\u00bb{}\u00bb sticky_transition=\u00bbon\u00bb][\/et_pb_slide][et_pb_slide _builder_version=\u00bb4.16&#8243; _module_preset=\u00bbdefault\u00bb background_image=\u00bbhttps:\/\/csc.facmed.unam.mx\/wp-content\/uploads\/2022\/04\/2.jpg\u00bb background_enable_image=\u00bbon\u00bb global_colors_info=\u00bb{}\u00bb sticky_transition=\u00bbon\u00bb][\/et_pb_slide][et_pb_slide _builder_version=\u00bb4.16&#8243; _module_preset=\u00bbdefault\u00bb background_image=\u00bbhttps:\/\/csc.facmed.unam.mx\/wp-content\/uploads\/2022\/04\/10.jpg\u00bb background_enable_image=\u00bbon\u00bb global_colors_info=\u00bb{}\u00bb sticky_transition=\u00bbon\u00bb]<\/p>\n<p>&nbsp;<\/p>\n<p>&nbsp;<\/p>\n<p>&nbsp;<\/p>\n<p>&nbsp;<\/p>\n<p>&nbsp;<\/p>\n<p>&nbsp;<\/p>\n<p>[\/et_pb_slide][\/et_pb_slider][\/et_pb_column][\/et_pb_row][\/et_pb_section][et_pb_section fb_built=\u00bb1&#8243; custom_padding_last_edited=\u00bbon|desktop\u00bb prev_background_color=\u00bb#e5eff9&#8243; admin_label=\u00bbCall to action\u00bb _builder_version=\u00bb4.16&#8243; use_background_color_gradient=\u00bbon\u00bb background_color_gradient_direction=\u00bb130deg\u00bb background_color_gradient_stops=\u00bb#001b68 25%|#91b6e0 100%\u00bb background_color_gradient_start=\u00bb#001b68&#8243; background_color_gradient_start_position=\u00bb25%\u00bb background_color_gradient_end=\u00bb#91b6e0&#8243; background_image=\u00bbhttps:\/\/csc.facmed.unam.mx\/wp-content\/uploads\/2022\/02\/marketing-bg6.png\u00bb parallax=\u00bbon\u00bb custom_padding=\u00bb16vw||0vw||false|false\u00bb custom_padding_tablet=\u00bb100px||100px||true\u00bb custom_padding_phone=\u00bb||||true\u00bb top_divider_style=\u00bbramp2&#8243; top_divider_height=\u00bb250px\u00bb top_divider_flip=\u00bbvertical\u00bb top_divider_height_tablet=\u00bb150px\u00bb top_divider_height_phone=\u00bb110px\u00bb top_divider_height_last_edited=\u00bbon|phone\u00bb saved_tabs=\u00bball\u00bb global_colors_info=\u00bb{}\u00bb][\/et_pb_section]<\/p>\n","protected":false},"excerpt":{"rendered":"<p>\u201cComunidad Solidaria UNAM\u201d, es un\u00a0programa de\u00a0cursos en Primeros Auxilios B\u00e1sicos y Avanzados, en diversas sedes, escuelas y facultades de la UNAM, enfocados para la formaci\u00f3n de un Primer Respondiente, el cu\u00e1l pueda servir como recurso de intervenci\u00f3n en casos de desastres o emergencias y para la formaci\u00f3n de brigadas multidisciplinarias que puedan auxiliar en caso [&hellip;]<\/p>\n","protected":false},"author":2,"featured_media":0,"parent":0,"menu_order":0,"comment_status":"closed","ping_status":"closed","template":"","meta":{"_et_pb_use_builder":"on","_et_pb_old_content":"","_et_gb_content_width":"","footnotes":""},"class_list":["post-1154","page","type-page","status-publish","hentry"],"jetpack_sharing_enabled":true,"_links":{"self":[{"href":"https:\/\/csc.facmed.unam.mx\/index.php\/wp-json\/wp\/v2\/pages\/1154","targetHints":{"allow":["GET"]}}],"collection":[{"href":"https:\/\/csc.facmed.unam.mx\/index.php\/wp-json\/wp\/v2\/pages"}],"about":[{"href":"https:\/\/csc.facmed.unam.mx\/index.php\/wp-json\/wp\/v2\/types\/page"}],"author":[{"embeddable":true,"href":"https:\/\/csc.facmed.unam.mx\/index.php\/wp-json\/wp\/v2\/users\/2"}],"replies":[{"embeddable":true,"href":"https:\/\/csc.facmed.unam.mx\/index.php\/wp-json\/wp\/v2\/comments?post=1154"}],"version-history":[{"count":65,"href":"https:\/\/csc.facmed.unam.mx\/index.php\/wp-json\/wp\/v2\/pages\/1154\/revisions"}],"predecessor-version":[{"id":3710,"href":"https:\/\/csc.facmed.unam.mx\/index.php\/wp-json\/wp\/v2\/pages\/1154\/revisions\/3710"}],"wp:attachment":[{"href":"https:\/\/csc.facmed.unam.mx\/index.php\/wp-json\/wp\/v2\/media?parent=1154"}],"curies":[{"name":"wp","href":"https:\/\/api.w.org\/{rel}","templated":true}]}}